{"id":3264,"date":"2016-10-07T08:47:30","date_gmt":"2016-10-07T06:47:30","guid":{"rendered":"https:\/\/www.emikft.hu\/homepage\/"},"modified":"2025-10-27T09:56:34","modified_gmt":"2025-10-27T08:56:34","slug":"homepage","status":"publish","type":"page","link":"https:\/\/www.emikft.hu\/de\/","title":{"rendered":"Homepage"},"content":{"rendered":"<div class=\"wpb-content-wrapper\"><p>[vc_row full_width=&#8220;stretch_row_content_no_spaces&#8220;][vc_column][rev_slider_vc alias=&#8220;slider-homepage-2-d&#8220;][\/vc_column][\/vc_row][vc_row css=&#8220;.vc_custom_1750937118092{padding-top: 75px !important;padding-bottom: 50px !important;}&#8220; el_class=&#8220;no-padding-top&#8220;][vc_column width=&#8220;1\/2&#8243;][vc_empty_space]<div class=\"fp-section-title clearfix  \">\n                <h2>\u00dcber uns<\/h2>\n                \n            <\/div>[vc_column_text css=&#8220;.vc_custom_1751290316374{margin-bottom: 25px !important;padding-top: 20px !important;padding-bottom: 3px !important;}&#8220;]<\/p>\n<h3><strong>Ein Team aus Ingenieuren und Entwicklern mit einer gemeinsamen Mission: Energie smarter, sauberer und nachhaltiger nutzen.<\/strong><\/h3>\n<p>&nbsp;<\/p>\n<p>Wir glauben, dass Technologie nicht nur ein Werkzeug, sondern auch eine Verantwortung ist.<br \/>\nVerantwortung f\u00fcr die technologische Umwelt, in der wir leben \u2013 und f\u00fcr die Menschen, die mit ihr interagieren.<br \/>\nUnsere Arbeit basiert auf der \u00dcberzeugung, dass sich industrielle Systeme durch intelligente Technologien effizienter gestalten lassen \u2013 und dabei gleichzeitig der \u00f6kologische Fu\u00dfabdruck minimiert werden kann. Genau das sehen wir als eine der zentralen Herausforderungen der Zukunft.<\/p>\n<p>Hinter unseren Entwicklungen stehen nicht nur Fachwissen, sondern auch eine klare Mission und ein starkes Verantwortungsbewusstsein.<br \/>\nWir suchen und realisieren L\u00f6sungen, die nicht nur funktionieren \u2013 sondern wirklich etwas bewirken.<br \/>\nIm Zentrum unserer Arbeit steht die Energie \u2013 jene Ressource, die unser t\u00e4gliches Leben, unsere Gesundheit und unsere Zukunft entscheidend pr\u00e4gt.<\/p>\n<p>Wir geben uns nicht mit bestehenden L\u00f6sungen zufrieden.<br \/>\nWir denken neu, wir bauen neu, wir nutzen neu.<br \/>\nDenn wir glauben: Die Technologie von morgen beginnt nicht irgendwann \u2013 sondern hier und jetzt.[\/vc_column_text][vc_row_inner css=&#8220;.vc_custom_1748960758261{padding-top: 10px !important;padding-bottom: 20px !important;}&#8220;][vc_column_inner offset=&#8220;vc_col-lg-4 vc_col-md-4&#8243;]<div class=\"fp-icon-box-4 icon-center dark-version \">\n\t\t\t\t <span class=\"fp-icon\"><i class=\"fa fa-check-circle-o\"><\/i><\/span>\n                \n                <div class=\"sub-title\"><\/div>\n                <div class=\"desc\"><p>Effiziente W\u00e4rmer\u00fcckgewinnung<br \/>\nbei hohen Temperaturen<\/p>\n<\/div>\n            <\/div>[\/vc_column_inner][vc_column_inner offset=&#8220;vc_col-lg-4 vc_col-md-4&#8243;]<div class=\"fp-icon-box-4 icon-center dark-version \">\n\t\t\t\t <span class=\"fp-icon\"><i class=\"factory-quality\"><\/i><\/span>\n                \n                <div class=\"sub-title\"><\/div>\n                <div class=\"desc\"><p>Zertifikat von T\u00dcV<br \/>\nRheinland InterCert Ltd.<\/p>\n<\/div>\n            <\/div>[\/vc_column_inner][vc_column_inner offset=&#8220;vc_col-lg-4 vc_col-md-4&#8243;]<div class=\"fp-icon-box-4 icon-center dark-version \">\n\t\t\t\t <span class=\"fp-icon\"><i class=\"fa fa-thumbs-up\"><\/i><\/span>\n                \n                <div class=\"sub-title\"><\/div>\n                <div class=\"desc\"><p>CE-Kennzeichnung<\/p>\n<\/div>\n            <\/div>[\/vc_column_inner][\/vc_row_inner]<div class=\"fp-phone clearfix \">\n\t\t\t\t<a href=\"https:\/\/www.emikft.hu\/de\/kontakt\/\" class=\"fp-btn\">Jetzt anrufen<\/a>\n\t\t\t\t<div class=\"hotline\">\n\t\t\t\t\t<i class=\"factory-technology\"><\/i>\n\t\t\t\t\t<span>Emi Kft.<\/span>\n\t\t\t\t\t<p>+ 36 20 777 3025<\/p>\n\t\t\t\t<\/div>\n\t\t\t<\/div>[\/vc_column][vc_column width=&#8220;1\/2&#8243; el_class=&#8220;top-spacing&#8220;][vc_empty_space]<div class=\"fp-section-title clearfix  \">\n                <h2>Gute Gr\u00fcnde, sich f\u00fcr uns zu entscheiden<\/h2>\n                \n            <\/div>[vc_column_text css=&#8220;.vc_custom_1748945392541{margin-bottom: 30px !important;}&#8220;]<\/p>\n<p class=\"main-color\" style=\"margin-top: -7px; font-size: 18px; font-family: 'Lato', sans-serif;\">Unser Ziel ist es, die Umweltbelastung industrieller Prozesse zu minimieren und gleichzeitig die Energieeffizienz der Systeme zu maximieren.<\/p>\n<p>[\/vc_column_text][vc_row_inner css=&#8220;.vc_custom_1476246691069{border-bottom-width: 1px !important;border-bottom-color: #f7f7f7 !important;border-bottom-style: solid !important;}&#8220;][vc_column_inner width=&#8220;1\/2&#8243; css=&#8220;.vc_custom_1478594859397{border-right-width: 1px !important;border-right-color: #f7f7f7 !important;border-right-style: solid !important;}&#8220;]<div class=\"fp-icon-box-3 icon-center dark-version \">\n\t\t\t\t <span class=\"fp-icon\"><i class=\"fa fa-cog\"><\/i><\/span>\n                 <h4>Intelligente Energienutzung<\/h4>\n                <div class=\"sub-title\"><\/div>\n                <div class=\"desc\"><p>Die Entwicklungen von THE CAN reduzieren nicht nur Verschwendung, sondern schaffen auch neue M\u00f6glichkeiten f\u00fcr eine effizientere und intelligentere Nutzung von Energie.<\/p>\n<\/div>\n            <\/div>[\/vc_column_inner][vc_column_inner width=&#8220;1\/2&#8243; css=&#8220;.vc_custom_1478594871795{padding-right: 0px !important;}&#8220;]<div class=\"fp-icon-box-3 icon-center dark-version \">\n\t\t\t\t <span class=\"fp-icon\"><i class=\"factory-technology-2\"><\/i><\/span>\n                 <h4>Staubfreier Betrieb<\/h4>\n                <div class=\"sub-title\"><\/div>\n                <div class=\"desc\"><p>Durch den Einsatz der Anlage kann die Staubbelastung vollst\u00e4ndig \u2013 also um 100\u202f% \u2013 eliminiert werden, was zu einer deutlich verbesserten Luftqualit\u00e4t f\u00fchrt.<\/p>\n<\/div>\n            <\/div>[\/vc_column_inner][\/vc_row_inner][vc_row_inner][vc_column_inner width=&#8220;1\/2&#8243; css=&#8220;.vc_custom_1476525108578{border-right-width: 1px !important;padding-top: 35px !important;border-right-color: #f7f7f7 !important;border-right-style: solid !important;}&#8220;]<div class=\"fp-icon-box-3 icon-center dark-version \">\n\t\t\t\t <span class=\"fp-icon\"><i class=\"factory-internet\"><\/i><\/span>\n                 <h4>Reduzierte Emissionen<\/h4>\n                <div class=\"sub-title\"><\/div>\n                <div class=\"desc\"><p>Durch den Einsatz des Systems k\u00f6nnen die Treibhausgasemissionen um 50\u201370\u202f% gesenkt werden \u2013 ein signifikanter Beitrag zur Dekarbonisierung industrieller Prozesse und zur Erf\u00fcllung klimarelevanter Vorgaben.<\/p>\n<\/div>\n            <\/div>[\/vc_column_inner][vc_column_inner width=&#8220;1\/2&#8243; css=&#8220;.vc_custom_1478594878373{border-right-width: 0px !important;padding-top: 35px !important;}&#8220;]<div class=\"fp-icon-box-3 icon-center dark-version \">\n\t\t\t\t <span class=\"fp-icon\"><i class=\"factory-badge\"><\/i><\/span>\n                 <h4>Gr\u00fcne Technologie<\/h4>\n                <div class=\"sub-title\"><\/div>\n                <div class=\"desc\"><p>Das gesamte technologische System weist einen deutlich reduzierten \u00f6kologischen Fu\u00dfabdruck auf und erm\u00f6glicht damit einen nachhaltigen industriellen Betrieb.<\/p>\n<\/div>\n            <\/div>[\/vc_column_inner][\/vc_row_inner][\/vc_column][\/vc_row][vc_row css=&#8220;.vc_custom_1751611612386{padding-top: 80px !important;background-color: #86A1A042 !important;}&#8220;][vc_column css=&#8220;.vc_custom_1480325918375{border-bottom-width: 1px !important;padding-bottom: 50px !important;border-bottom-color: #f7f7f7 !important;border-bottom-style: solid !important;border-radius: 1px !important;}&#8220;][vc_column_text css=&#8220;.vc_custom_1748959886630{margin-bottom: 50px !important;padding-top: 20px !important;padding-bottom: 20px !important;}&#8220;]<\/p>\n<p style=\"text-align: center; color: #272727; font-size: 30px; font-family: 'Montserrat', sans-serif; line-height: 1; font-weight: bold;\">Unser Team<\/p>\n<p>[\/vc_column_text][vc_row_inner][vc_column_inner width=&#8220;1\/2&#8243;]<div class=\"fp-team \">\n\t\t\t\t<div class=\"team-member\">\n\t\t\t\t\t<div class=\"overlay\" style=\"background-color:#359C33\"><\/div>\n\t\t\t\t\t<img loading=\"lazy\" decoding=\"async\" width=\"370\" height=\"310\" src=\"https:\/\/www.emikft.hu\/wp-content\/uploads\/2025\/06\/b.png\" class=\"attachment-full\" alt=\"B\u00e1nyai J\u00f3zsef\" title=\"B\u00e1nyai J\u00f3zsef\" srcset=\"https:\/\/www.emikft.hu\/wp-content\/uploads\/2025\/06\/b.png 370w, https:\/\/www.emikft.hu\/wp-content\/uploads\/2025\/06\/b-300x251.png 300w\" sizes=\"auto, (max-width: 370px) 100vw, 370px\" \/>\n\t\t\t\t\t<div class=\"socials\">\n\t\t\t\t\t\t<ul class=\"list-social clearfix\">\n\t\t\t\t\t\t\t\n\t\t\t\t\t\t<\/ul>\n\t\t\t\t\t<\/div>\n\t\t\t\t\t<div class=\"phone\"><i class=\"factory-technology\"><\/i><\/div>\n\t\t\t\t<\/div>\n\t\t\t\t<div class=\"info\">\n\t\t\t\t\t<h4 class=\"name\">J\u00f3zsef B\u00e1nyai<\/h4>\n\t\t\t\t\t<span class=\"job\">Eigent\u00fcmer &amp; Gesch\u00e4ftsf\u00fchrer, Systementwicklung<\/span>\n\t\t\t\t\tbanyai.jozsef@emikft.hu\n\t\t\t\t<\/div>\n\t\t\t<\/div>[\/vc_column_inner][vc_column_inner width=&#8220;1\/2&#8243;]<div class=\"fp-team \">\n\t\t\t\t<div class=\"team-member\">\n\t\t\t\t\t<div class=\"overlay\" style=\"background-color:#359C33\"><\/div>\n\t\t\t\t\t<img loading=\"lazy\" decoding=\"async\" width=\"370\" height=\"310\" src=\"https:\/\/www.emikft.hu\/wp-content\/uploads\/2025\/06\/sg.png\" class=\"attachment-full\" alt=\"Sedl\u00e1k G\u00e1bor\" title=\"Sedl\u00e1k G\u00e1bor\" srcset=\"https:\/\/www.emikft.hu\/wp-content\/uploads\/2025\/06\/sg.png 370w, https:\/\/www.emikft.hu\/wp-content\/uploads\/2025\/06\/sg-300x251.png 300w\" sizes=\"auto, (max-width: 370px) 100vw, 370px\" \/>\n\t\t\t\t\t<div class=\"socials\">\n\t\t\t\t\t\t<ul class=\"list-social clearfix\">\n\t\t\t\t\t\t\t\n\t\t\t\t\t\t<\/ul>\n\t\t\t\t\t<\/div>\n\t\t\t\t\t<div class=\"phone\"><i class=\"factory-technology\"><\/i><\/div>\n\t\t\t\t<\/div>\n\t\t\t\t<div class=\"info\">\n\t\t\t\t\t<h4 class=\"name\">G\u00e1bor Sedl\u00e1k<\/h4>\n\t\t\t\t\t<span class=\"job\">Eigent\u00fcmer &amp; Gesch\u00e4ftsf\u00fchrer, Strategische Leitung<\/span>\n\t\t\t\t\tsedlak.gabor@emikft.hu\n\t\t\t\t<\/div>\n\t\t\t<\/div>[\/vc_column_inner][\/vc_row_inner][vc_row_inner][vc_column_inner width=&#8220;1\/3&#8243;]<div class=\"fp-team \">\n\t\t\t\t<div class=\"team-member\">\n\t\t\t\t\t<div class=\"overlay\" style=\"background-color:#359C33\"><\/div>\n\t\t\t\t\t\n\t\t\t\t\t<div class=\"socials\">\n\t\t\t\t\t\t<ul class=\"list-social clearfix\">\n\t\t\t\t\t\t\t\n\t\t\t\t\t\t<\/ul>\n\t\t\t\t\t<\/div>\n\t\t\t\t\t<div class=\"phone\"><i class=\"factory-technology\"><\/i><\/div>\n\t\t\t\t<\/div>\n\t\t\t\t<div class=\"info\">\n\t\t\t\t\t<h4 class=\"name\">Ren\u00e1ta Sedl\u00e1k<\/h4>\n\t\t\t\t\t<span class=\"job\">Verkauf<\/span>\n\t\t\t\t\tsedlak.renata@emikft.hu\n\t\t\t\t<\/div>\n\t\t\t<\/div>[\/vc_column_inner][vc_column_inner width=&#8220;1\/3&#8243;]<div class=\"fp-team \">\n\t\t\t\t<div class=\"team-member\">\n\t\t\t\t\t<div class=\"overlay\" style=\"background-color:#359C33\"><\/div>\n\t\t\t\t\t\n\t\t\t\t\t<div class=\"socials\">\n\t\t\t\t\t\t<ul class=\"list-social clearfix\">\n\t\t\t\t\t\t\t\n\t\t\t\t\t\t<\/ul>\n\t\t\t\t\t<\/div>\n\t\t\t\t\t<div class=\"phone\"><i class=\"factory-technology\"><\/i><\/div>\n\t\t\t\t<\/div>\n\t\t\t\t<div class=\"info\">\n\t\t\t\t\t<h4 class=\"name\">M\u00e1rton L. Kiss Dr.<\/h4>\n\t\t\t\t\t<span class=\"job\">Elektroingenieur \u2013 Hardwareentwicklung<\/span>\n\t\t\t\t\tl.kiss@emikft.hu\n\t\t\t\t<\/div>\n\t\t\t<\/div>[\/vc_column_inner][vc_column_inner width=&#8220;1\/3&#8243;]<div class=\"fp-team \">\n\t\t\t\t<div class=\"team-member\">\n\t\t\t\t\t<div class=\"overlay\" style=\"background-color:#359C33\"><\/div>\n\t\t\t\t\t\n\t\t\t\t\t<div class=\"socials\">\n\t\t\t\t\t\t<ul class=\"list-social clearfix\">\n\t\t\t\t\t\t\t\n\t\t\t\t\t\t<\/ul>\n\t\t\t\t\t<\/div>\n\t\t\t\t\t<div class=\"phone\"><i class=\"factory-technology\"><\/i><\/div>\n\t\t\t\t<\/div>\n\t\t\t\t<div class=\"info\">\n\t\t\t\t\t<h4 class=\"name\">Imre M\u00e9hn<\/h4>\n\t\t\t\t\t<span class=\"job\">Energieexperte (mit Schwerpunkt Biomasse)<\/span>\n\t\t\t\t\tmehn.imre@emikft.hu\n\t\t\t\t<\/div>\n\t\t\t<\/div>[\/vc_column_inner][\/vc_row_inner][vc_row_inner][vc_column_inner width=&#8220;1\/2&#8243;]<div class=\"fp-team \">\n\t\t\t\t<div class=\"team-member\">\n\t\t\t\t\t<div class=\"overlay\" style=\"background-color:#359C33\"><\/div>\n\t\t\t\t\t\n\t\t\t\t\t<div class=\"socials\">\n\t\t\t\t\t\t<ul class=\"list-social clearfix\">\n\t\t\t\t\t\t\t\n\t\t\t\t\t\t<\/ul>\n\t\t\t\t\t<\/div>\n\t\t\t\t\t<div class=\"phone\"><i class=\"factory-technology\"><\/i><\/div>\n\t\t\t\t<\/div>\n\t\t\t\t<div class=\"info\">\n\t\t\t\t\t<h4 class=\"name\">Attila Krajny\u00e1k<\/h4>\n\t\t\t\t\t<span class=\"job\">K\u00e4ltetechniker<\/span>\n\t\t\t\t\tkrajnyak.attila@emikft.hu\n\t\t\t\t<\/div>\n\t\t\t<\/div>[\/vc_column_inner][vc_column_inner width=&#8220;1\/2&#8243;]<div class=\"fp-team \">\n\t\t\t\t<div class=\"team-member\">\n\t\t\t\t\t<div class=\"overlay\" style=\"background-color:#359C33\"><\/div>\n\t\t\t\t\t\n\t\t\t\t\t<div class=\"socials\">\n\t\t\t\t\t\t<ul class=\"list-social clearfix\">\n\t\t\t\t\t\t\t\n\t\t\t\t\t\t<\/ul>\n\t\t\t\t\t<\/div>\n\t\t\t\t\t<div class=\"phone\"><i class=\"factory-technology\"><\/i><\/div>\n\t\t\t\t<\/div>\n\t\t\t\t<div class=\"info\">\n\t\t\t\t\t<h4 class=\"name\">Norbert Nagy<\/h4>\n\t\t\t\t\t<span class=\"job\">Softwareentwickler<\/span>\n\t\t\t\t\tnagy.norbert@emikft.hu\n\t\t\t\t<\/div>\n\t\t\t<\/div>[\/vc_column_inner][\/vc_row_inner][\/vc_column][\/vc_row][vc_row content_placement=&#8220;middle&#8220; css=&#8220;.vc_custom_1751611664550{padding-top: 75px !important;padding-bottom: 75px !important;background-color: #191919E3 !important;}&#8220;][vc_column]<div class=\"fp-section-title clearfix   light-skin\">\n                <h2>Produkt\u00fcbersicht<\/h2>\n                \n            <\/div>[vc_row_inner content_placement=&#8220;top&#8220;][vc_column_inner width=&#8220;1\/3&#8243; css=&#8220;.vc_custom_1750937256543{padding-top: 30px !important;padding-bottom: 30px !important;}&#8220;]<div class=\"fp-custom-images clearfix images-grid columns-1 \">\n                <div class=\"img-list row\" id=\"custom-images-slider-69fdcf3bb2994\"><div class=\"img-item\"><img loading=\"lazy\" decoding=\"async\" width=\"300\" height=\"200\" src=\"https:\/\/www.emikft.hu\/wp-content\/uploads\/2025\/06\/THE_CAN_web_alapszures-300x200.png\" class=\"attachment-medium\" alt=\"\" title=\"THE_CAN\" srcset=\"https:\/\/www.emikft.hu\/wp-content\/uploads\/2025\/06\/THE_CAN_web_alapszures-300x200.png 300w, https:\/\/www.emikft.hu\/wp-content\/uploads\/2025\/06\/THE_CAN_web_alapszures-1024x683.png 1024w, https:\/\/www.emikft.hu\/wp-content\/uploads\/2025\/06\/THE_CAN_web_alapszures-768x512.png 768w\" sizes=\"auto, (max-width: 300px) 100vw, 300px\" \/><\/div><\/div>\n            <\/div><div class=\"fp-section-title clearfix   light-skin\">\n                <h2>THE CAN \u2013 Luftreinigung, W\u00e4rmer\u00fcckgewinnung<\/h2>\n                \n            <\/div>[\/vc_column_inner][vc_column_inner width=&#8220;1\/3&#8243; css=&#8220;.vc_custom_1750937264472{padding-top: 30px !important;padding-bottom: 30px !important;}&#8220;]<div class=\"fp-custom-images clearfix images-grid columns-1 \">\n                <div class=\"img-list row\" id=\"custom-images-slider-69fdcf3bb2d51\"><div class=\"img-item\"><img loading=\"lazy\" decoding=\"async\" width=\"300\" height=\"200\" src=\"https:\/\/www.emikft.hu\/wp-content\/uploads\/2025\/06\/THE_CAN_web_para-300x200.png\" class=\"attachment-medium\" alt=\"\" title=\"THE_CAN\" srcset=\"https:\/\/www.emikft.hu\/wp-content\/uploads\/2025\/06\/THE_CAN_web_para-300x200.png 300w, https:\/\/www.emikft.hu\/wp-content\/uploads\/2025\/06\/THE_CAN_web_para-1024x683.png 1024w, https:\/\/www.emikft.hu\/wp-content\/uploads\/2025\/06\/THE_CAN_web_para-768x512.png 768w, https:\/\/www.emikft.hu\/wp-content\/uploads\/2025\/06\/THE_CAN_web_para-1536x1024.png 1536w\" sizes=\"auto, (max-width: 300px) 100vw, 300px\" \/><\/div><\/div>\n            <\/div><div class=\"fp-section-title clearfix   light-skin\">\n                <h2>THE CAN \u2013 Luftreinigung, W\u00e4rmer\u00fcckgewinnung, Luftfeuchtigkeitsregelung<\/h2>\n                \n            <\/div>[\/vc_column_inner][vc_column_inner width=&#8220;1\/3&#8243; css=&#8220;.vc_custom_1750937274187{padding-top: 30px !important;padding-bottom: 30px !important;}&#8220;]<div class=\"fp-custom-images clearfix images-grid columns-1 \">\n                <div class=\"img-list row\" id=\"custom-images-slider-69fdcf3bb303e\"><div class=\"img-item\"><img loading=\"lazy\" decoding=\"async\" width=\"300\" height=\"200\" src=\"https:\/\/www.emikft.hu\/wp-content\/uploads\/2025\/06\/THE_CAN_web_fustgaz-300x200.png\" class=\"attachment-medium\" alt=\"\" title=\"THE_CAN\" srcset=\"https:\/\/www.emikft.hu\/wp-content\/uploads\/2025\/06\/THE_CAN_web_fustgaz-300x200.png 300w, https:\/\/www.emikft.hu\/wp-content\/uploads\/2025\/06\/THE_CAN_web_fustgaz-1024x683.png 1024w, https:\/\/www.emikft.hu\/wp-content\/uploads\/2025\/06\/THE_CAN_web_fustgaz-768x512.png 768w, https:\/\/www.emikft.hu\/wp-content\/uploads\/2025\/06\/THE_CAN_web_fustgaz-1536x1024.png 1536w, https:\/\/www.emikft.hu\/wp-content\/uploads\/2025\/06\/THE_CAN_web_fustgaz-2048x1365.png 2048w, https:\/\/www.emikft.hu\/wp-content\/uploads\/2025\/06\/THE_CAN_web_fustgaz-270x180.png 270w\" sizes=\"auto, (max-width: 300px) 100vw, 300px\" \/><\/div><\/div>\n            <\/div><div class=\"fp-section-title clearfix   light-skin\">\n                <h2>THE CAN \u2013 Rauchgasaufbereitung mit Filtration und W\u00e4rmer\u00fcckgewinnung<\/h2>\n                \n            <\/div>[\/vc_column_inner][\/vc_row_inner][vc_btn title=&#8220;Mehr zu unseren Produkten&#8220; style=&#8220;classic&#8220; shape=&#8220;square&#8220; color=&#8220;green&#8220; align=&#8220;center&#8220; css_animation=&#8220;none&#8220; css=&#8220;.vc_custom_1757936325396{padding-top: 30px !important;padding-bottom: 30px !important;}&#8220; link=&#8220;url:https%3A%2F%2Fwww.emikft.hu%2Fde%2Fprodukte%2F|title:Produkte&#8220;][\/vc_column][\/vc_row]<\/p>\n<\/div>","protected":false},"excerpt":{"rendered":"<p>[vc_row full_width=&#8220;stretch_row_content_no_spaces&#8220;][vc_column][rev_slider_vc alias=&#8220;slider-homepage-2-d&#8220;][\/vc_column][\/vc_row][vc_row css=&#8220;.vc_custom_1750937118092{padding-top: 75px !important;padding-bottom: 50px !important;}&#8220; el_class=&#8220;no-padding-top&#8220;][vc_column width=&#8220;1\/2&#8243;][vc_empty_space][vc_column_text css=&#8220;.vc_custom_1751290316374{margin-bottom: 25px !important;padding-top: 20px !important;padding-bottom: 3px !important;}&#8220;] Ein Team aus Ingenieuren und Entwicklern mit einer gemeinsamen Mission: Energie smarter, sauberer&hellip;<\/p>\n","protected":false},"author":1,"featured_media":0,"parent":0,"menu_order":0,"comment_status":"closed","ping_status":"closed","template":"template-homepage.php","meta":{"footnotes":""},"class_list":["post-3264","page","type-page","status-publish","hentry","no-thumb"],"yoast_head":"<!-- This site is optimized with the Yoast SEO plugin v26.0 - https:\/\/yoast.com\/wordpress\/plugins\/seo\/ -->\n<title>Homepage &#8211; EMI Kft.<\/title>\n<meta name=\"robots\" content=\"noindex, follow, max-snippet:-1, max-image-preview:large, max-video-preview:-1\" \/>\n<meta property=\"og:locale\" content=\"de_DE\" \/>\n<meta property=\"og:type\" content=\"article\" \/>\n<meta property=\"og:title\" content=\"Homepage &#8211; EMI Kft.\" \/>\n<meta property=\"og:description\" content=\"[vc_row full_width=&#8220;stretch_row_content_no_spaces&#8220;][vc_column][rev_slider_vc alias=&#8220;slider-homepage-2-d&#8220;][\/vc_column][\/vc_row][vc_row css=&#8220;.vc_custom_1750937118092{padding-top: 75px !important;padding-bottom: 50px !important;}&#8220; el_class=&#8220;no-padding-top&#8220;][vc_column width=&#8220;1\/2&#8243;][vc_empty_space][vc_column_text css=&#8220;.vc_custom_1751290316374{margin-bottom: 25px !important;padding-top: 20px !important;padding-bottom: 3px !important;}&#8220;] Ein Team aus Ingenieuren und Entwicklern mit einer gemeinsamen Mission: Energie smarter, sauberer&hellip;\" \/>\n<meta property=\"og:url\" content=\"https:\/\/www.emikft.hu\/de\/\" \/>\n<meta property=\"og:site_name\" content=\"EMI Kft.\" \/>\n<meta property=\"article:modified_time\" content=\"2025-10-27T08:56:34+00:00\" \/>\n<meta property=\"og:image\" content=\"https:\/\/www.emikft.hu\/wp-content\/uploads\/2025\/06\/04_slide.jpg\" \/>\n\t<meta property=\"og:image:width\" content=\"1920\" \/>\n\t<meta property=\"og:image:height\" content=\"810\" \/>\n\t<meta property=\"og:image:type\" content=\"image\/jpeg\" \/>\n<meta name=\"twitter:card\" content=\"summary_large_image\" \/>\n<meta name=\"twitter:label1\" content=\"Gesch\u00e4tzte Lesezeit\" \/>\n\t<meta name=\"twitter:data1\" content=\"4\u00a0Minuten\" \/>\n<script type=\"application\/ld+json\" class=\"yoast-schema-graph\">{\"@context\":\"https:\/\/schema.org\",\"@graph\":[{\"@type\":\"WebPage\",\"@id\":\"https:\/\/www.emikft.hu\/de\/\",\"url\":\"https:\/\/www.emikft.hu\/de\/\",\"name\":\"Homepage &#8211; EMI Kft.\",\"isPartOf\":{\"@id\":\"https:\/\/www.emikft.hu\/#website\"},\"datePublished\":\"2016-10-07T06:47:30+00:00\",\"dateModified\":\"2025-10-27T08:56:34+00:00\",\"breadcrumb\":{\"@id\":\"https:\/\/www.emikft.hu\/de\/#breadcrumb\"},\"inLanguage\":\"de\",\"potentialAction\":[{\"@type\":\"ReadAction\",\"target\":[\"https:\/\/www.emikft.hu\/de\/\"]}]},{\"@type\":\"BreadcrumbList\",\"@id\":\"https:\/\/www.emikft.hu\/de\/#breadcrumb\",\"itemListElement\":[{\"@type\":\"ListItem\",\"position\":1,\"name\":\"Kezd\u0151lap\",\"item\":\"https:\/\/www.emikft.hu\/de\/\"},{\"@type\":\"ListItem\",\"position\":2,\"name\":\"Homepage\"}]},{\"@type\":\"WebSite\",\"@id\":\"https:\/\/www.emikft.hu\/#website\",\"url\":\"https:\/\/www.emikft.hu\/\",\"name\":\"EMI\",\"description\":\"Elektronik \u2013 Mechanik \u2013 Innovation\",\"publisher\":{\"@id\":\"https:\/\/www.emikft.hu\/#organization\"},\"alternateName\":\"Elektronikai Mechanikai Innov\u00e1ci\u00f3s Kft.\",\"potentialAction\":[{\"@type\":\"SearchAction\",\"target\":{\"@type\":\"EntryPoint\",\"urlTemplate\":\"https:\/\/www.emikft.hu\/?s={search_term_string}\"},\"query-input\":{\"@type\":\"PropertyValueSpecification\",\"valueRequired\":true,\"valueName\":\"search_term_string\"}}],\"inLanguage\":\"de\"},{\"@type\":\"Organization\",\"@id\":\"https:\/\/www.emikft.hu\/#organization\",\"name\":\"EMI\",\"alternateName\":\"PURIFICATION | HEAT PUMP RECOVERY | HUMIDITY CONTROL\",\"url\":\"https:\/\/www.emikft.hu\/\",\"logo\":{\"@type\":\"ImageObject\",\"inLanguage\":\"de\",\"@id\":\"https:\/\/www.emikft.hu\/#\/schema\/logo\/image\/\",\"url\":\"https:\/\/www.emikft.hu\/wp-content\/uploads\/2025\/02\/cropped-Emi_favicon_32x32px.png\",\"contentUrl\":\"https:\/\/www.emikft.hu\/wp-content\/uploads\/2025\/02\/cropped-Emi_favicon_32x32px.png\",\"width\":512,\"height\":512,\"caption\":\"EMI\"},\"image\":{\"@id\":\"https:\/\/www.emikft.hu\/#\/schema\/logo\/image\/\"}}]}<\/script>\n<!-- \/ Yoast SEO plugin. -->","yoast_head_json":{"title":"Homepage &#8211; EMI Kft.","robots":{"index":"noindex","follow":"follow","max-snippet":"max-snippet:-1","max-image-preview":"max-image-preview:large","max-video-preview":"max-video-preview:-1"},"og_locale":"de_DE","og_type":"article","og_title":"Homepage &#8211; EMI Kft.","og_description":"[vc_row full_width=&#8220;stretch_row_content_no_spaces&#8220;][vc_column][rev_slider_vc alias=&#8220;slider-homepage-2-d&#8220;][\/vc_column][\/vc_row][vc_row css=&#8220;.vc_custom_1750937118092{padding-top: 75px !important;padding-bottom: 50px !important;}&#8220; el_class=&#8220;no-padding-top&#8220;][vc_column width=&#8220;1\/2&#8243;][vc_empty_space][vc_column_text css=&#8220;.vc_custom_1751290316374{margin-bottom: 25px !important;padding-top: 20px !important;padding-bottom: 3px !important;}&#8220;] Ein Team aus Ingenieuren und Entwicklern mit einer gemeinsamen Mission: Energie smarter, sauberer&hellip;","og_url":"https:\/\/www.emikft.hu\/de\/","og_site_name":"EMI Kft.","article_modified_time":"2025-10-27T08:56:34+00:00","og_image":[{"width":1920,"height":810,"url":"https:\/\/www.emikft.hu\/wp-content\/uploads\/2025\/06\/04_slide.jpg","type":"image\/jpeg"}],"twitter_card":"summary_large_image","twitter_misc":{"Gesch\u00e4tzte Lesezeit":"4\u00a0Minuten"},"schema":{"@context":"https:\/\/schema.org","@graph":[{"@type":"WebPage","@id":"https:\/\/www.emikft.hu\/de\/","url":"https:\/\/www.emikft.hu\/de\/","name":"Homepage &#8211; EMI Kft.","isPartOf":{"@id":"https:\/\/www.emikft.hu\/#website"},"datePublished":"2016-10-07T06:47:30+00:00","dateModified":"2025-10-27T08:56:34+00:00","breadcrumb":{"@id":"https:\/\/www.emikft.hu\/de\/#breadcrumb"},"inLanguage":"de","potentialAction":[{"@type":"ReadAction","target":["https:\/\/www.emikft.hu\/de\/"]}]},{"@type":"BreadcrumbList","@id":"https:\/\/www.emikft.hu\/de\/#breadcrumb","itemListElement":[{"@type":"ListItem","position":1,"name":"Kezd\u0151lap","item":"https:\/\/www.emikft.hu\/de\/"},{"@type":"ListItem","position":2,"name":"Homepage"}]},{"@type":"WebSite","@id":"https:\/\/www.emikft.hu\/#website","url":"https:\/\/www.emikft.hu\/","name":"EMI","description":"Elektronik \u2013 Mechanik \u2013 Innovation","publisher":{"@id":"https:\/\/www.emikft.hu\/#organization"},"alternateName":"Elektronikai Mechanikai Innov\u00e1ci\u00f3s Kft.","potentialAction":[{"@type":"SearchAction","target":{"@type":"EntryPoint","urlTemplate":"https:\/\/www.emikft.hu\/?s={search_term_string}"},"query-input":{"@type":"PropertyValueSpecification","valueRequired":true,"valueName":"search_term_string"}}],"inLanguage":"de"},{"@type":"Organization","@id":"https:\/\/www.emikft.hu\/#organization","name":"EMI","alternateName":"PURIFICATION | HEAT PUMP RECOVERY | HUMIDITY CONTROL","url":"https:\/\/www.emikft.hu\/","logo":{"@type":"ImageObject","inLanguage":"de","@id":"https:\/\/www.emikft.hu\/#\/schema\/logo\/image\/","url":"https:\/\/www.emikft.hu\/wp-content\/uploads\/2025\/02\/cropped-Emi_favicon_32x32px.png","contentUrl":"https:\/\/www.emikft.hu\/wp-content\/uploads\/2025\/02\/cropped-Emi_favicon_32x32px.png","width":512,"height":512,"caption":"EMI"},"image":{"@id":"https:\/\/www.emikft.hu\/#\/schema\/logo\/image\/"}}]}},"_links":{"self":[{"href":"https:\/\/www.emikft.hu\/de\/wp-json\/wp\/v2\/pages\/3264","targetHints":{"allow":["GET"]}}],"collection":[{"href":"https:\/\/www.emikft.hu\/de\/wp-json\/wp\/v2\/pages"}],"about":[{"href":"https:\/\/www.emikft.hu\/de\/wp-json\/wp\/v2\/types\/page"}],"author":[{"embeddable":true,"href":"https:\/\/www.emikft.hu\/de\/wp-json\/wp\/v2\/users\/1"}],"replies":[{"embeddable":true,"href":"https:\/\/www.emikft.hu\/de\/wp-json\/wp\/v2\/comments?post=3264"}],"version-history":[{"count":13,"href":"https:\/\/www.emikft.hu\/de\/wp-json\/wp\/v2\/pages\/3264\/revisions"}],"predecessor-version":[{"id":3448,"href":"https:\/\/www.emikft.hu\/de\/wp-json\/wp\/v2\/pages\/3264\/revisions\/3448"}],"wp:attachment":[{"href":"https:\/\/www.emikft.hu\/de\/wp-json\/wp\/v2\/media?parent=3264"}],"curies":[{"name":"wp","href":"https:\/\/api.w.org\/{rel}","templated":true}]}}