{"id":3280,"date":"2025-01-27T15:18:35","date_gmt":"2025-01-27T14:18:35","guid":{"rendered":"https:\/\/www.emikft.hu\/ueber-uns\/"},"modified":"2025-10-03T08:00:17","modified_gmt":"2025-10-03T06:00:17","slug":"ueber-uns","status":"publish","type":"page","link":"https:\/\/www.emikft.hu\/de\/ueber-uns\/","title":{"rendered":"\u00dcber uns"},"content":{"rendered":"<div class=\"wpb-content-wrapper\"><p>[vc_row css=&#8220;.vc_custom_1486635938421{padding-top: 80px !important;padding-bottom: 80px !important;}&#8220;][vc_column width=&#8220;1\/2&#8243; el_class=&#8220;fp-about-desc&#8220; css=&#8220;.vc_custom_1479962247750{padding-left: 45px !important;}&#8220;][vc_column_text css=&#8220;.vc_custom_1749538103302{margin-bottom: 30px !important;}&#8220; el_class=&#8220;fp-main-text&#8220;]<\/p>\n<p class=\"main-color\" style=\"line-height: 40px; font-size: 30px; font-weight: 400;\">Intelligente L\u00f6sung f\u00fcr sauberere Luft und rentable Energie<\/p>\n<p>[\/vc_column_text][vc_column_text css=&#8220;.vc_custom_1749538126716{margin-bottom: 20px !important;}&#8220;]Industrielle Luftwechselprozesse verursachen W\u00e4rmeverluste und Kontaminationen \u2013 diese Effekte k\u00f6nnen jedoch durch geeignete Technologien minimiert werden.[\/vc_column_text][vc_column_text css=&#8220;.vc_custom_1749538120846{margin-bottom: 30px !important;}&#8220;]Das THE CAN-System vereint Luftreinigung und Energier\u00fcckgewinnung unter allen Umweltbedingungen.<br \/>\nEgal ob Rauch, Gas, Staub oder Feuchtigkeit \u2013 unsere Technologie arbeitet zuverl\u00e4ssig und effizient.<br \/>\nUnser Ziel ist nicht nur Energieeinsparung, sondern auch die Schaffung einer nachhaltigeren industriellen Zukunft.[\/vc_column_text][\/vc_column][vc_column width=&#8220;1\/2&#8243; el_class=&#8220;top-spacing&#8220;][vc_video link=&#8220;https:\/\/youtu.be\/9fPBbnqJJlw&#8220; css=&#8220;&#8220;][\/vc_column][\/vc_row][vc_row enable_parallax=&#8220;yes&#8220; css=&#8220;.vc_custom_1750937349933{padding-top: 70px !important;padding-bottom: 70px !important;background: #86A1A042 url(http:\/\/www.emikft.hu\/wp-content\/uploads\/2025\/06\/02_slide.jpg?id=3042) !important;}&#8220;][vc_column width=&#8220;1\/4&#8243; css=&#8220;.vc_custom_1478760673228{padding-top: 20px !important;}&#8220;][vc_column_text css=&#8220;&#8220;]<\/p>\n<div style=\"font-size: 30px; font-weight: bold; font-family: 'Montserrat', sans-serif; color: #fff; line-height: 40px; text-transform: uppercase;\"><span class=\"main-color\">Warum es<br \/>\nsich lohnt<\/span><\/div>\n<p>[\/vc_column_text][\/vc_column][vc_column width=&#8220;1\/4&#8243;]<div class=\"fp-counter  style-1\">\n                <div class=\"counter\">\n                \t<div class=\"value\">70<\/div>\n                \t<span>%<\/span>\n                <\/div>\n                <h4>Energieeinsparung<\/h4>\n                 <span class=\"fp-icon\"><i class=\"fa fa-battery-3\"><\/i><\/span>\n            <\/div>[\/vc_column][vc_column width=&#8220;1\/4&#8243;]<div class=\"fp-counter  style-1\">\n                <div class=\"counter\">\n                \t<div class=\"value\">100<\/div>\n                \t<span>%<\/span>\n                <\/div>\n                <h4>Staubreduzierung<\/h4>\n                 <span class=\"fp-icon\"><i class=\"fa fa-arrow-down\"><\/i><\/span>\n            <\/div>[\/vc_column][vc_column width=&#8220;1\/4&#8243;]<div class=\"fp-counter  style-1\">\n                <div class=\"counter\">\n                \t<div class=\"value\">11<\/div>\n                \t<span>db<\/span>\n                <\/div>\n                <h4>betriebsbereite industrielle Referenzanlagen<\/h4>\n                 <span class=\"fp-icon\"><i class=\"fa fa-play-circle-o\"><\/i><\/span>\n            <\/div>[\/vc_column][\/vc_row][vc_row css=&#8220;.vc_custom_1478074676155{padding-top: 75px !important;padding-bottom: 50px !important;}&#8220;][vc_column width=&#8220;1\/2&#8243;]<div class=\"fp-section-title clearfix  \">\n                <h2>\u00dcber uns<\/h2>\n                \n            <\/div>[vc_single_image image=&#8220;3265&#8243; img_size=&#8220;full&#8220; css=&#8220;.vc_custom_1580716948140{margin-bottom: 25px !important;}&#8220;][vc_column_text css=&#8220;.vc_custom_1757932722544{margin-bottom: 25px !important;}&#8220;]Unser Luftreinigungs- und Energier\u00fcckgewinnungssystem THE CAN filtert und reinigt die Luft, entzieht und wandelt Energie nach Bedarf um und f\u00fchrt sie anschlie\u00dfend in der gew\u00fcnschten Form wieder dem System zu.<br \/>\nSo einfach geht das.[\/vc_column_text][vc_row_inner][vc_column_inner offset=&#8220;vc_col-lg-4 vc_col-md-4&#8243;]<div class=\"fp-icon-box-4 icon-center dark-version \">\n\t\t\t\t <span class=\"fp-icon\"><i class=\"factory-travel\"><\/i><\/span>\n                \n                <div class=\"sub-title\"><\/div>\n                <div class=\"desc\"><p>Effiziente W\u00e4rmer\u00fcckgewinnung<br \/>\nbei hohen Temperaturen<\/p>\n<\/div>\n            <\/div>[\/vc_column_inner][vc_column_inner offset=&#8220;vc_col-lg-4 vc_col-md-4&#8243;]<div class=\"fp-icon-box-4 icon-center dark-version \">\n\t\t\t\t <span class=\"fp-icon\"><i class=\"factory-quality\"><\/i><\/span>\n                \n                <div class=\"sub-title\"><\/div>\n                <div class=\"desc\"><p class=\"p1\">Zertifikat von T\u00dcV Rheinland InterCert Ltd.<\/p>\n<\/div>\n            <\/div>[\/vc_column_inner][vc_column_inner offset=&#8220;vc_col-lg-4 vc_col-md-4&#8243;]<div class=\"fp-icon-box-4 icon-center dark-version \">\n\t\t\t\t <span class=\"fp-icon\"><i class=\"factory-layers\"><\/i><\/span>\n                \n                <div class=\"sub-title\"><\/div>\n                <div class=\"desc\"><p class=\"p1\">CE-Kennzeichnung<\/p>\n<\/div>\n            <\/div>[\/vc_column_inner][\/vc_row_inner]<div class=\"fp-phone clearfix \">\n\t\t\t\t<a href=\"https:\/\/www.emikft.hu\/de\/kontakt\/\" class=\"fp-btn\">Jetzt anrufen<\/a>\n\t\t\t\t<div class=\"hotline\">\n\t\t\t\t\t<i class=\"factory-technology\"><\/i>\n\t\t\t\t\t<span>Emi Kft.<\/span>\n\t\t\t\t\t<p>+ 36 20 777 3025<\/p>\n\t\t\t\t<\/div>\n\t\t\t<\/div>[\/vc_column][vc_column width=&#8220;1\/2&#8243; el_class=&#8220;top-spacing&#8220;]<div class=\"fp-section-title clearfix  \">\n                <h2>Gute Gr\u00fcnde, sich f\u00fcr uns zu entscheiden<\/h2>\n                \n            <\/div>[vc_column_text css=&#8220;.vc_custom_1749537761809{margin-bottom: 30px !important;}&#8220;]<\/p>\n<p class=\"main-color\" style=\"margin-top: -7px; font-size: 18px; font-family: 'Lato', sans-serif;\">Unser Ziel ist es, die Umweltbelastung industrieller Prozesse zu minimieren und gleichzeitig die Energieeffizienz der Systeme zu maximieren.<\/p>\n<p>[\/vc_column_text][vc_row_inner css=&#8220;.vc_custom_1476246691069{border-bottom-width: 1px !important;border-bottom-color: #f7f7f7 !important;border-bottom-style: solid !important;}&#8220;][vc_column_inner width=&#8220;1\/2&#8243; css=&#8220;.vc_custom_1478514724905{border-right-width: 1px !important;border-right-color: #f7f7f7 !important;border-right-style: solid !important;}&#8220;]<div class=\"fp-icon-box-3 icon-center dark-version \">\n\t\t\t\t <span class=\"fp-icon\"><i class=\"fa fa-cog\"><\/i><\/span>\n                 <h4>Intelligente Energienutzung<\/h4>\n                <div class=\"sub-title\"><\/div>\n                <div class=\"desc\"><p>Die Entwicklungen von THE CAN reduzieren nicht nur Verschwendung, sondern schaffen auch neue M\u00f6glichkeiten f\u00fcr eine effizientere und intelligentere Nutzung von Energie.<\/p>\n<\/div>\n            <\/div>[\/vc_column_inner][vc_column_inner width=&#8220;1\/2&#8243; css=&#8220;.vc_custom_1478514718286{padding-right: 0px !important;}&#8220;]<div class=\"fp-icon-box-3 icon-center dark-version \">\n\t\t\t\t <span class=\"fp-icon\"><i class=\"factory-technology-2\"><\/i><\/span>\n                 <h4>Staubfreier Betrieb<\/h4>\n                <div class=\"sub-title\"><\/div>\n                <div class=\"desc\"><p>Durch den Einsatz der Anlage kann die Staubbelastung vollst\u00e4ndig \u2013 also um 100\u202f% \u2013 eliminiert werden, was zu einer deutlich verbesserten Luftqualit\u00e4t f\u00fchrt.<\/p>\n<\/div>\n            <\/div>[\/vc_column_inner][\/vc_row_inner][vc_row_inner][vc_column_inner width=&#8220;1\/2&#8243; css=&#8220;.vc_custom_1478255037218{border-right-width: 1px !important;padding-top: 35px !important;border-right-color: #f7f7f7 !important;border-right-style: solid !important;}&#8220;]<div class=\"fp-icon-box-3 icon-center dark-version \">\n\t\t\t\t <span class=\"fp-icon\"><i class=\"factory-internet\"><\/i><\/span>\n                 <h4>Reduzierte Emissionen<\/h4>\n                <div class=\"sub-title\"><\/div>\n                <div class=\"desc\"><p>Durch den Einsatz des Systems k\u00f6nnen die Treibhausgasemissionen um 50\u201370\u202f% gesenkt werden \u2013 ein signifikanter Beitrag zur Dekarbonisierung industrieller Prozesse und zur Erf\u00fcllung klimarelevanter Vorgaben.<\/p>\n<\/div>\n            <\/div>[\/vc_column_inner][vc_column_inner width=&#8220;1\/2&#8243; css=&#8220;.vc_custom_1478514710821{padding-top: 35px !important;padding-right: 0px !important;}&#8220;]<div class=\"fp-icon-box-3 icon-center dark-version \">\n\t\t\t\t <span class=\"fp-icon\"><i class=\"factory-badge\"><\/i><\/span>\n                 <h4>Gr\u00fcne Technologie<\/h4>\n                <div class=\"sub-title\"><\/div>\n                <div class=\"desc\"><p>Das gesamte technologische System weist einen deutlich reduzierten \u00f6kologischen Fu\u00dfabdruck auf und erm\u00f6glicht damit einen nachhaltigen industriellen Betrieb.<\/p>\n<\/div>\n            <\/div>[\/vc_column_inner][\/vc_row_inner][\/vc_column][\/vc_row][vc_row full_height=&#8220;yes&#8220; equal_height=&#8220;yes&#8220; enable_parallax=&#8220;yes&#8220; css=&#8220;.vc_custom_1750932387619{padding-top: 80px !important;padding-bottom: 50px !important;background-image: url(http:\/\/www.emikft.hu\/wp-content\/uploads\/2025\/06\/04_slide.jpg?id=3123) !important;background-position: center !important;background-repeat: no-repeat !important;background-size: cover !important;}&#8220;][vc_column width=&#8220;1\/2&#8243; offset=&#8220;vc_col-lg-4 vc_col-md-4&#8243; css=&#8220;.vc_custom_1750937476396{padding-top: 30px !important;padding-bottom: 30px !important;background-color: #00000099 !important;}&#8220;]<div class=\"fp-section-title clearfix   light-skin\">\n                <h2>Das THE CAN-System sorgt f\u00fcr Energier\u00fcckgewinnung, Luftreinigung und W\u00e4rmer\u00fcckverwertung.<\/h2>\n                \n            <\/div>[\/vc_column][vc_column width=&#8220;1\/2&#8243; css=&#8220;.vc_custom_1750932588524{padding-top: 30px !important;padding-right: 30px !important;padding-bottom: 30px !important;padding-left: 30px !important;background-color: #00000099 !important;}&#8220;][vc_column_text css=&#8220;&#8220;]<\/p>\n<div style=\"color: #ffffff;\">\n<ul>\n<li>Rauch, Gas, Staub, chemische Verunreinigungen, niedrige oder hohe Luftfeuchtigkeit<\/li>\n<li>W\u00e4rmer\u00fcckgewinnung auch bei hohen Temperaturen<\/li>\n<li>Automatische Feuchtigkeitsregelung (optional)<\/li>\n<li>Skalierbare L\u00f6sungen \u2013 von kleinen Anlagen bis zur Industriegr\u00f6\u00dfe: 1.000\u201315.000\u202fm\u00b3\/h, kaskadierbar bis zu 60.000\u202fm\u00b3\/h, 10\u2013120\u202fkW<\/li>\n<li>Messbare Ergebnisse, nachgewiesene Amortisation<\/li>\n<li>50\u201370\u202f% Energieeinsparung<\/li>\n<li>100\u202f% Reduktion der Staubbelastung<\/li>\n<li>11+ bestehende Referenzanlagen im Betrieb<\/li>\n<li>Investitionsr\u00fcckfluss in weniger als 12 Monaten<\/li>\n<\/ul>\n<\/div>\n<p>[\/vc_column_text][\/vc_column][\/vc_row]<\/p>\n<\/div>","protected":false},"excerpt":{"rendered":"<p>[vc_row css=&#8220;.vc_custom_1486635938421{padding-top: 80px !important;padding-bottom: 80px !important;}&#8220;][vc_column width=&#8220;1\/2&#8243; el_class=&#8220;fp-about-desc&#8220; css=&#8220;.vc_custom_1479962247750{padding-left: 45px !important;}&#8220;][vc_column_text css=&#8220;.vc_custom_1749538103302{margin-bottom: 30px !important;}&#8220; el_class=&#8220;fp-main-text&#8220;] Intelligente L\u00f6sung f\u00fcr sauberere Luft und rentable Energie [\/vc_column_text][vc_column_text css=&#8220;.vc_custom_1749538126716{margin-bottom: 20px !important;}&#8220;]Industrielle Luftwechselprozesse verursachen W\u00e4rmeverluste&hellip;<\/p>\n","protected":false},"author":1,"featured_media":0,"parent":0,"menu_order":0,"comment_status":"closed","ping_status":"closed","template":"template-fullwidth.php","meta":{"footnotes":""},"class_list":["post-3280","page","type-page","status-publish","hentry","no-thumb"],"yoast_head":"<!-- This site is optimized with the Yoast SEO plugin v26.0 - https:\/\/yoast.com\/wordpress\/plugins\/seo\/ -->\n<title>\u00dcber uns &#8211; EMI Kft.<\/title>\n<meta name=\"robots\" content=\"noindex, follow, max-snippet:-1, max-image-preview:large, max-video-preview:-1\" \/>\n<meta property=\"og:locale\" content=\"de_DE\" \/>\n<meta property=\"og:type\" content=\"article\" \/>\n<meta property=\"og:title\" content=\"\u00dcber uns &#8211; EMI Kft.\" \/>\n<meta property=\"og:description\" content=\"[vc_row css=&#8220;.vc_custom_1486635938421{padding-top: 80px !important;padding-bottom: 80px !important;}&#8220;][vc_column width=&#8220;1\/2&#8243; el_class=&#8220;fp-about-desc&#8220; css=&#8220;.vc_custom_1479962247750{padding-left: 45px !important;}&#8220;][vc_column_text css=&#8220;.vc_custom_1749538103302{margin-bottom: 30px !important;}&#8220; el_class=&#8220;fp-main-text&#8220;] Intelligente L\u00f6sung f\u00fcr sauberere Luft und rentable Energie [\/vc_column_text][vc_column_text css=&#8220;.vc_custom_1749538126716{margin-bottom: 20px !important;}&#8220;]Industrielle Luftwechselprozesse verursachen W\u00e4rmeverluste&hellip;\" \/>\n<meta property=\"og:url\" content=\"https:\/\/www.emikft.hu\/rolunk\/\" \/>\n<meta property=\"og:site_name\" content=\"EMI Kft.\" \/>\n<meta property=\"article:modified_time\" content=\"2025-10-03T06:00:17+00:00\" \/>\n<meta property=\"og:image\" content=\"https:\/\/www.emikft.hu\/wp-content\/uploads\/2025\/06\/04_slide.jpg\" \/>\n\t<meta property=\"og:image:width\" content=\"1920\" \/>\n\t<meta property=\"og:image:height\" content=\"810\" \/>\n\t<meta property=\"og:image:type\" content=\"image\/jpeg\" \/>\n<meta name=\"twitter:card\" content=\"summary_large_image\" \/>\n<meta name=\"twitter:label1\" content=\"Gesch\u00e4tzte Lesezeit\" \/>\n\t<meta name=\"twitter:data1\" content=\"3\u00a0Minuten\" \/>\n<script type=\"application\/ld+json\" class=\"yoast-schema-graph\">{\"@context\":\"https:\/\/schema.org\",\"@graph\":[{\"@type\":\"WebPage\",\"@id\":\"https:\/\/www.emikft.hu\/rolunk\/\",\"url\":\"https:\/\/www.emikft.hu\/rolunk\/\",\"name\":\"\u00dcber uns &#8211; EMI Kft.\",\"isPartOf\":{\"@id\":\"https:\/\/www.emikft.hu\/#website\"},\"datePublished\":\"2025-01-27T14:18:35+00:00\",\"dateModified\":\"2025-10-03T06:00:17+00:00\",\"breadcrumb\":{\"@id\":\"https:\/\/www.emikft.hu\/rolunk\/#breadcrumb\"},\"inLanguage\":\"de\",\"potentialAction\":[{\"@type\":\"ReadAction\",\"target\":[\"https:\/\/www.emikft.hu\/rolunk\/\"]}]},{\"@type\":\"BreadcrumbList\",\"@id\":\"https:\/\/www.emikft.hu\/rolunk\/#breadcrumb\",\"itemListElement\":[{\"@type\":\"ListItem\",\"position\":1,\"name\":\"Kezd\u0151lap\",\"item\":\"https:\/\/www.emikft.hu\/de\/\"},{\"@type\":\"ListItem\",\"position\":2,\"name\":\"\u00dcber uns\"}]},{\"@type\":\"WebSite\",\"@id\":\"https:\/\/www.emikft.hu\/#website\",\"url\":\"https:\/\/www.emikft.hu\/\",\"name\":\"EMI\",\"description\":\"Elektronik \u2013 Mechanik \u2013 Innovation\",\"publisher\":{\"@id\":\"https:\/\/www.emikft.hu\/#organization\"},\"alternateName\":\"Elektronikai Mechanikai Innov\u00e1ci\u00f3s Kft.\",\"potentialAction\":[{\"@type\":\"SearchAction\",\"target\":{\"@type\":\"EntryPoint\",\"urlTemplate\":\"https:\/\/www.emikft.hu\/?s={search_term_string}\"},\"query-input\":{\"@type\":\"PropertyValueSpecification\",\"valueRequired\":true,\"valueName\":\"search_term_string\"}}],\"inLanguage\":\"de\"},{\"@type\":\"Organization\",\"@id\":\"https:\/\/www.emikft.hu\/#organization\",\"name\":\"EMI\",\"alternateName\":\"PURIFICATION | HEAT PUMP RECOVERY | HUMIDITY CONTROL\",\"url\":\"https:\/\/www.emikft.hu\/\",\"logo\":{\"@type\":\"ImageObject\",\"inLanguage\":\"de\",\"@id\":\"https:\/\/www.emikft.hu\/#\/schema\/logo\/image\/\",\"url\":\"https:\/\/www.emikft.hu\/wp-content\/uploads\/2025\/02\/cropped-Emi_favicon_32x32px.png\",\"contentUrl\":\"https:\/\/www.emikft.hu\/wp-content\/uploads\/2025\/02\/cropped-Emi_favicon_32x32px.png\",\"width\":512,\"height\":512,\"caption\":\"EMI\"},\"image\":{\"@id\":\"https:\/\/www.emikft.hu\/#\/schema\/logo\/image\/\"}}]}<\/script>\n<!-- \/ Yoast SEO plugin. -->","yoast_head_json":{"title":"\u00dcber uns &#8211; EMI Kft.","robots":{"index":"noindex","follow":"follow","max-snippet":"max-snippet:-1","max-image-preview":"max-image-preview:large","max-video-preview":"max-video-preview:-1"},"og_locale":"de_DE","og_type":"article","og_title":"\u00dcber uns &#8211; EMI Kft.","og_description":"[vc_row css=&#8220;.vc_custom_1486635938421{padding-top: 80px !important;padding-bottom: 80px !important;}&#8220;][vc_column width=&#8220;1\/2&#8243; el_class=&#8220;fp-about-desc&#8220; css=&#8220;.vc_custom_1479962247750{padding-left: 45px !important;}&#8220;][vc_column_text css=&#8220;.vc_custom_1749538103302{margin-bottom: 30px !important;}&#8220; el_class=&#8220;fp-main-text&#8220;] Intelligente L\u00f6sung f\u00fcr sauberere Luft und rentable Energie [\/vc_column_text][vc_column_text css=&#8220;.vc_custom_1749538126716{margin-bottom: 20px !important;}&#8220;]Industrielle Luftwechselprozesse verursachen W\u00e4rmeverluste&hellip;","og_url":"https:\/\/www.emikft.hu\/rolunk\/","og_site_name":"EMI Kft.","article_modified_time":"2025-10-03T06:00:17+00:00","og_image":[{"width":1920,"height":810,"url":"https:\/\/www.emikft.hu\/wp-content\/uploads\/2025\/06\/04_slide.jpg","type":"image\/jpeg"}],"twitter_card":"summary_large_image","twitter_misc":{"Gesch\u00e4tzte Lesezeit":"3\u00a0Minuten"},"schema":{"@context":"https:\/\/schema.org","@graph":[{"@type":"WebPage","@id":"https:\/\/www.emikft.hu\/rolunk\/","url":"https:\/\/www.emikft.hu\/rolunk\/","name":"\u00dcber uns &#8211; EMI Kft.","isPartOf":{"@id":"https:\/\/www.emikft.hu\/#website"},"datePublished":"2025-01-27T14:18:35+00:00","dateModified":"2025-10-03T06:00:17+00:00","breadcrumb":{"@id":"https:\/\/www.emikft.hu\/rolunk\/#breadcrumb"},"inLanguage":"de","potentialAction":[{"@type":"ReadAction","target":["https:\/\/www.emikft.hu\/rolunk\/"]}]},{"@type":"BreadcrumbList","@id":"https:\/\/www.emikft.hu\/rolunk\/#breadcrumb","itemListElement":[{"@type":"ListItem","position":1,"name":"Kezd\u0151lap","item":"https:\/\/www.emikft.hu\/de\/"},{"@type":"ListItem","position":2,"name":"\u00dcber uns"}]},{"@type":"WebSite","@id":"https:\/\/www.emikft.hu\/#website","url":"https:\/\/www.emikft.hu\/","name":"EMI","description":"Elektronik \u2013 Mechanik \u2013 Innovation","publisher":{"@id":"https:\/\/www.emikft.hu\/#organization"},"alternateName":"Elektronikai Mechanikai Innov\u00e1ci\u00f3s Kft.","potentialAction":[{"@type":"SearchAction","target":{"@type":"EntryPoint","urlTemplate":"https:\/\/www.emikft.hu\/?s={search_term_string}"},"query-input":{"@type":"PropertyValueSpecification","valueRequired":true,"valueName":"search_term_string"}}],"inLanguage":"de"},{"@type":"Organization","@id":"https:\/\/www.emikft.hu\/#organization","name":"EMI","alternateName":"PURIFICATION | HEAT PUMP RECOVERY | HUMIDITY CONTROL","url":"https:\/\/www.emikft.hu\/","logo":{"@type":"ImageObject","inLanguage":"de","@id":"https:\/\/www.emikft.hu\/#\/schema\/logo\/image\/","url":"https:\/\/www.emikft.hu\/wp-content\/uploads\/2025\/02\/cropped-Emi_favicon_32x32px.png","contentUrl":"https:\/\/www.emikft.hu\/wp-content\/uploads\/2025\/02\/cropped-Emi_favicon_32x32px.png","width":512,"height":512,"caption":"EMI"},"image":{"@id":"https:\/\/www.emikft.hu\/#\/schema\/logo\/image\/"}}]}},"_links":{"self":[{"href":"https:\/\/www.emikft.hu\/de\/wp-json\/wp\/v2\/pages\/3280","targetHints":{"allow":["GET"]}}],"collection":[{"href":"https:\/\/www.emikft.hu\/de\/wp-json\/wp\/v2\/pages"}],"about":[{"href":"https:\/\/www.emikft.hu\/de\/wp-json\/wp\/v2\/types\/page"}],"author":[{"embeddable":true,"href":"https:\/\/www.emikft.hu\/de\/wp-json\/wp\/v2\/users\/1"}],"replies":[{"embeddable":true,"href":"https:\/\/www.emikft.hu\/de\/wp-json\/wp\/v2\/comments?post=3280"}],"version-history":[{"count":7,"href":"https:\/\/www.emikft.hu\/de\/wp-json\/wp\/v2\/pages\/3280\/revisions"}],"predecessor-version":[{"id":3439,"href":"https:\/\/www.emikft.hu\/de\/wp-json\/wp\/v2\/pages\/3280\/revisions\/3439"}],"wp:attachment":[{"href":"https:\/\/www.emikft.hu\/de\/wp-json\/wp\/v2\/media?parent=3280"}],"curies":[{"name":"wp","href":"https:\/\/api.w.org\/{rel}","templated":true}]}}