{"id":3287,"date":"2025-01-27T15:19:30","date_gmt":"2025-01-27T14:19:30","guid":{"rendered":"https:\/\/www.emikft.hu\/produkte\/"},"modified":"2025-09-08T17:33:39","modified_gmt":"2025-09-08T15:33:39","slug":"produkte","status":"publish","type":"page","link":"https:\/\/www.emikft.hu\/de\/produkte\/","title":{"rendered":"Produkte"},"content":{"rendered":"<div class=\"wpb-content-wrapper\"><p>[vc_row full_height=&#8220;yes&#8220; equal_height=&#8220;yes&#8220; content_placement=&#8220;top&#8220; css=&#8220;.vc_custom_1750225618754{padding-top: 30px !important;padding-bottom: 30px !important;}&#8220;][vc_column width=&#8220;1\/3&#8243; css=&#8220;.vc_custom_1750937709689{padding-top: 30px !important;}&#8220;]<div class=\"fp-section-title clearfix  \">\n                <h2>Luftreinigung, W\u00e4rmer\u00fcckgewinnung<\/h2>\n                \n            <\/div>[vc_column_text css=&#8220;&#8220;]Anwendungsbereiche:<\/p>\n<ul>\n<li>Textilindustrie<\/li>\n<li>Papierindustrie, Schwei\u00dftechnik<\/li>\n<li>und alle Industriezweige, in denen die Staubbelastung unter 100 \u03bcm liegt.<\/li>\n<\/ul>\n<p>Das THE CAN-System vereint effiziente Luftfiltration und W\u00e4rmer\u00fcckgewinnung, wodurch die Umweltbelastung industrieller Prozesse reduziert und gleichzeitig der Energieverbrauch optimiert wird. Unsere L\u00f6sungen sind einsetzbar in der Textil- und Papierindustrie sowie in der Schwei\u00dftechnik und allen Industriebereichen, in denen die Staubpartikelgr\u00f6\u00dfe unter 100 \u03bcm liegt.[\/vc_column_text][vc_single_image image=&#8220;3271&#8243; img_size=&#8220;large&#8220; alignment=&#8220;center&#8220; css=&#8220;.vc_custom_1750934599876{padding-top: 30px !important;padding-bottom: 30px !important;}&#8220;][vc_separator color=&#8220;custom&#8220; el_width=&#8220;50&#8243; css=&#8220;.vc_custom_1750937667907{padding-top: 30px !important;padding-bottom: 30px !important;}&#8220; accent_color=&#8220;#156FA0&#8243;][\/vc_column][vc_column width=&#8220;1\/3&#8243; css=&#8220;.vc_custom_1750937716692{padding-top: 30px !important;}&#8220;]<div class=\"fp-section-title clearfix  \">\n                <h2>Luftreinigung, W\u00e4rmer\u00fcckgewinnung, Luftfeuchtigkeitsregelung<\/h2>\n                \n            <\/div>[vc_column_text css=&#8220;&#8220;]Anwendungsbereiche:<\/p>\n<ul>\n<li>M\u00fchlenindustrie, Kunststoffindustrie, Stahlindustrie<\/li>\n<li>und alle Industriezweige, in denen durch die Technologie chemische Emissionen freigesetzt werden und die Produktion empfindlich auf die Luftfeuchtigkeit reagiert.<\/li>\n<\/ul>\n<p>Das System reduziert die Umweltbelastung industrieller Prozesse und sorgt gleichzeitig f\u00fcr ein stabiles und optimiertes Betriebsumfeld.[\/vc_column_text][vc_single_image image=&#8220;3272&#8243; img_size=&#8220;large&#8220; alignment=&#8220;center&#8220; css=&#8220;.vc_custom_1750934636532{padding-top: 30px !important;padding-bottom: 30px !important;}&#8220;][vc_separator color=&#8220;custom&#8220; el_width=&#8220;50&#8243; css=&#8220;.vc_custom_1750937680033{padding-top: 30px !important;padding-bottom: 30px !important;}&#8220; accent_color=&#8220;#156FA0&#8243;][\/vc_column][vc_column width=&#8220;1\/3&#8243; css=&#8220;.vc_custom_1750937722632{padding-top: 30px !important;}&#8220;]<div class=\"fp-section-title clearfix  \">\n                <h2>Rauchgasaufbereitung mit Filtration und W\u00e4rmer\u00fcckgewinnung<\/h2>\n                \n            <\/div>[vc_column_text css=&#8220;&#8220;]Anwendungsbereiche:<\/p>\n<ul>\n<li>Fernw\u00e4rmeanlagen, Gasmotoranlagen<\/li>\n<li>Festbrennstoff- oder Biomassekessel<\/li>\n<li>Industrielle \u00d6fen<\/li>\n<li>und alle Schornsteinsysteme, aus denen Verbrennungsabgase mit einer Temperatur \u00fcber 80 \u00b0C austreten.<\/li>\n<\/ul>\n<p>Das System filtert und gewinnt Energie auch unter extremen Bedingungen effizient zur\u00fcck, optimiert die W\u00e4rmenutzung und reduziert die Umweltbelastung.[\/vc_column_text][vc_single_image image=&#8220;3270&#8243; img_size=&#8220;large&#8220; alignment=&#8220;center&#8220; css=&#8220;.vc_custom_1750934578181{padding-top: 30px !important;padding-bottom: 30px !important;}&#8220;][vc_separator color=&#8220;custom&#8220; el_width=&#8220;50&#8243; css=&#8220;.vc_custom_1750937690070{padding-top: 30px !important;padding-bottom: 30px !important;}&#8220; accent_color=&#8220;#156FA0&#8243;][\/vc_column][\/vc_row]<\/p>\n<\/div>","protected":false},"excerpt":{"rendered":"<p>[vc_row full_height=&#8220;yes&#8220; equal_height=&#8220;yes&#8220; content_placement=&#8220;top&#8220; css=&#8220;.vc_custom_1750225618754{padding-top: 30px !important;padding-bottom: 30px !important;}&#8220;][vc_column width=&#8220;1\/3&#8243; css=&#8220;.vc_custom_1750937709689{padding-top: 30px !important;}&#8220;][vc_column_text css=&#8220;&#8220;]Anwendungsbereiche: Textilindustrie Papierindustrie, Schwei\u00dftechnik und alle Industriezweige, in denen die Staubbelastung unter 100 \u03bcm liegt. Das THE&hellip;<\/p>\n","protected":false},"author":1,"featured_media":0,"parent":0,"menu_order":0,"comment_status":"closed","ping_status":"closed","template":"template-fullwidth.php","meta":{"footnotes":""},"class_list":["post-3287","page","type-page","status-publish","hentry","no-thumb"],"yoast_head":"<!-- This site is optimized with the Yoast SEO plugin v26.0 - https:\/\/yoast.com\/wordpress\/plugins\/seo\/ -->\n<title>Produkte &#8211; EMI Kft.<\/title>\n<meta name=\"robots\" content=\"noindex, follow, max-snippet:-1, max-image-preview:large, max-video-preview:-1\" \/>\n<meta property=\"og:locale\" content=\"de_DE\" \/>\n<meta property=\"og:type\" content=\"article\" \/>\n<meta property=\"og:title\" content=\"Produkte &#8211; EMI Kft.\" \/>\n<meta property=\"og:description\" content=\"[vc_row full_height=&#8220;yes&#8220; equal_height=&#8220;yes&#8220; content_placement=&#8220;top&#8220; css=&#8220;.vc_custom_1750225618754{padding-top: 30px !important;padding-bottom: 30px !important;}&#8220;][vc_column width=&#8220;1\/3&#8243; css=&#8220;.vc_custom_1750937709689{padding-top: 30px !important;}&#8220;][vc_column_text css=&#8220;&#8220;]Anwendungsbereiche: Textilindustrie Papierindustrie, Schwei\u00dftechnik und alle Industriezweige, in denen die Staubbelastung unter 100 \u03bcm liegt. Das THE&hellip;\" \/>\n<meta property=\"og:url\" content=\"https:\/\/www.emikft.hu\/de\/produkte\/\" \/>\n<meta property=\"og:site_name\" content=\"EMI Kft.\" \/>\n<meta property=\"article:modified_time\" content=\"2025-09-08T15:33:39+00:00\" \/>\n<meta property=\"og:image\" content=\"https:\/\/www.emikft.hu\/wp-content\/uploads\/2025\/06\/04_slide.jpg\" \/>\n\t<meta property=\"og:image:width\" content=\"1920\" \/>\n\t<meta property=\"og:image:height\" content=\"810\" \/>\n\t<meta property=\"og:image:type\" content=\"image\/jpeg\" \/>\n<meta name=\"twitter:card\" content=\"summary_large_image\" \/>\n<meta name=\"twitter:label1\" content=\"Gesch\u00e4tzte Lesezeit\" \/>\n\t<meta name=\"twitter:data1\" content=\"2\u00a0Minuten\" \/>\n<script type=\"application\/ld+json\" class=\"yoast-schema-graph\">{\"@context\":\"https:\/\/schema.org\",\"@graph\":[{\"@type\":\"WebPage\",\"@id\":\"https:\/\/www.emikft.hu\/de\/produkte\/\",\"url\":\"https:\/\/www.emikft.hu\/de\/produkte\/\",\"name\":\"Produkte &#8211; EMI Kft.\",\"isPartOf\":{\"@id\":\"https:\/\/www.emikft.hu\/#website\"},\"datePublished\":\"2025-01-27T14:19:30+00:00\",\"dateModified\":\"2025-09-08T15:33:39+00:00\",\"breadcrumb\":{\"@id\":\"https:\/\/www.emikft.hu\/de\/produkte\/#breadcrumb\"},\"inLanguage\":\"de\",\"potentialAction\":[{\"@type\":\"ReadAction\",\"target\":[\"https:\/\/www.emikft.hu\/de\/produkte\/\"]}]},{\"@type\":\"BreadcrumbList\",\"@id\":\"https:\/\/www.emikft.hu\/de\/produkte\/#breadcrumb\",\"itemListElement\":[{\"@type\":\"ListItem\",\"position\":1,\"name\":\"Kezd\u0151lap\",\"item\":\"https:\/\/www.emikft.hu\/de\/\"},{\"@type\":\"ListItem\",\"position\":2,\"name\":\"Produkte\"}]},{\"@type\":\"WebSite\",\"@id\":\"https:\/\/www.emikft.hu\/#website\",\"url\":\"https:\/\/www.emikft.hu\/\",\"name\":\"EMI\",\"description\":\"Elektronik \u2013 Mechanik \u2013 Innovation\",\"publisher\":{\"@id\":\"https:\/\/www.emikft.hu\/#organization\"},\"alternateName\":\"Elektronikai Mechanikai Innov\u00e1ci\u00f3s Kft.\",\"potentialAction\":[{\"@type\":\"SearchAction\",\"target\":{\"@type\":\"EntryPoint\",\"urlTemplate\":\"https:\/\/www.emikft.hu\/?s={search_term_string}\"},\"query-input\":{\"@type\":\"PropertyValueSpecification\",\"valueRequired\":true,\"valueName\":\"search_term_string\"}}],\"inLanguage\":\"de\"},{\"@type\":\"Organization\",\"@id\":\"https:\/\/www.emikft.hu\/#organization\",\"name\":\"EMI\",\"alternateName\":\"PURIFICATION | HEAT PUMP RECOVERY | HUMIDITY CONTROL\",\"url\":\"https:\/\/www.emikft.hu\/\",\"logo\":{\"@type\":\"ImageObject\",\"inLanguage\":\"de\",\"@id\":\"https:\/\/www.emikft.hu\/#\/schema\/logo\/image\/\",\"url\":\"https:\/\/www.emikft.hu\/wp-content\/uploads\/2025\/02\/cropped-Emi_favicon_32x32px.png\",\"contentUrl\":\"https:\/\/www.emikft.hu\/wp-content\/uploads\/2025\/02\/cropped-Emi_favicon_32x32px.png\",\"width\":512,\"height\":512,\"caption\":\"EMI\"},\"image\":{\"@id\":\"https:\/\/www.emikft.hu\/#\/schema\/logo\/image\/\"}}]}<\/script>\n<!-- \/ Yoast SEO plugin. -->","yoast_head_json":{"title":"Produkte &#8211; EMI Kft.","robots":{"index":"noindex","follow":"follow","max-snippet":"max-snippet:-1","max-image-preview":"max-image-preview:large","max-video-preview":"max-video-preview:-1"},"og_locale":"de_DE","og_type":"article","og_title":"Produkte &#8211; EMI Kft.","og_description":"[vc_row full_height=&#8220;yes&#8220; equal_height=&#8220;yes&#8220; content_placement=&#8220;top&#8220; css=&#8220;.vc_custom_1750225618754{padding-top: 30px !important;padding-bottom: 30px !important;}&#8220;][vc_column width=&#8220;1\/3&#8243; css=&#8220;.vc_custom_1750937709689{padding-top: 30px !important;}&#8220;][vc_column_text css=&#8220;&#8220;]Anwendungsbereiche: Textilindustrie Papierindustrie, Schwei\u00dftechnik und alle Industriezweige, in denen die Staubbelastung unter 100 \u03bcm liegt. Das THE&hellip;","og_url":"https:\/\/www.emikft.hu\/de\/produkte\/","og_site_name":"EMI Kft.","article_modified_time":"2025-09-08T15:33:39+00:00","og_image":[{"width":1920,"height":810,"url":"https:\/\/www.emikft.hu\/wp-content\/uploads\/2025\/06\/04_slide.jpg","type":"image\/jpeg"}],"twitter_card":"summary_large_image","twitter_misc":{"Gesch\u00e4tzte Lesezeit":"2\u00a0Minuten"},"schema":{"@context":"https:\/\/schema.org","@graph":[{"@type":"WebPage","@id":"https:\/\/www.emikft.hu\/de\/produkte\/","url":"https:\/\/www.emikft.hu\/de\/produkte\/","name":"Produkte &#8211; EMI Kft.","isPartOf":{"@id":"https:\/\/www.emikft.hu\/#website"},"datePublished":"2025-01-27T14:19:30+00:00","dateModified":"2025-09-08T15:33:39+00:00","breadcrumb":{"@id":"https:\/\/www.emikft.hu\/de\/produkte\/#breadcrumb"},"inLanguage":"de","potentialAction":[{"@type":"ReadAction","target":["https:\/\/www.emikft.hu\/de\/produkte\/"]}]},{"@type":"BreadcrumbList","@id":"https:\/\/www.emikft.hu\/de\/produkte\/#breadcrumb","itemListElement":[{"@type":"ListItem","position":1,"name":"Kezd\u0151lap","item":"https:\/\/www.emikft.hu\/de\/"},{"@type":"ListItem","position":2,"name":"Produkte"}]},{"@type":"WebSite","@id":"https:\/\/www.emikft.hu\/#website","url":"https:\/\/www.emikft.hu\/","name":"EMI","description":"Elektronik \u2013 Mechanik \u2013 Innovation","publisher":{"@id":"https:\/\/www.emikft.hu\/#organization"},"alternateName":"Elektronikai Mechanikai Innov\u00e1ci\u00f3s Kft.","potentialAction":[{"@type":"SearchAction","target":{"@type":"EntryPoint","urlTemplate":"https:\/\/www.emikft.hu\/?s={search_term_string}"},"query-input":{"@type":"PropertyValueSpecification","valueRequired":true,"valueName":"search_term_string"}}],"inLanguage":"de"},{"@type":"Organization","@id":"https:\/\/www.emikft.hu\/#organization","name":"EMI","alternateName":"PURIFICATION | HEAT PUMP RECOVERY | HUMIDITY CONTROL","url":"https:\/\/www.emikft.hu\/","logo":{"@type":"ImageObject","inLanguage":"de","@id":"https:\/\/www.emikft.hu\/#\/schema\/logo\/image\/","url":"https:\/\/www.emikft.hu\/wp-content\/uploads\/2025\/02\/cropped-Emi_favicon_32x32px.png","contentUrl":"https:\/\/www.emikft.hu\/wp-content\/uploads\/2025\/02\/cropped-Emi_favicon_32x32px.png","width":512,"height":512,"caption":"EMI"},"image":{"@id":"https:\/\/www.emikft.hu\/#\/schema\/logo\/image\/"}}]}},"_links":{"self":[{"href":"https:\/\/www.emikft.hu\/de\/wp-json\/wp\/v2\/pages\/3287","targetHints":{"allow":["GET"]}}],"collection":[{"href":"https:\/\/www.emikft.hu\/de\/wp-json\/wp\/v2\/pages"}],"about":[{"href":"https:\/\/www.emikft.hu\/de\/wp-json\/wp\/v2\/types\/page"}],"author":[{"embeddable":true,"href":"https:\/\/www.emikft.hu\/de\/wp-json\/wp\/v2\/users\/1"}],"replies":[{"embeddable":true,"href":"https:\/\/www.emikft.hu\/de\/wp-json\/wp\/v2\/comments?post=3287"}],"version-history":[{"count":3,"href":"https:\/\/www.emikft.hu\/de\/wp-json\/wp\/v2\/pages\/3287\/revisions"}],"predecessor-version":[{"id":3291,"href":"https:\/\/www.emikft.hu\/de\/wp-json\/wp\/v2\/pages\/3287\/revisions\/3291"}],"wp:attachment":[{"href":"https:\/\/www.emikft.hu\/de\/wp-json\/wp\/v2\/media?parent=3287"}],"curies":[{"name":"wp","href":"https:\/\/api.w.org\/{rel}","templated":true}]}}