{"id":3294,"date":"2025-01-27T15:18:50","date_gmt":"2025-01-27T14:18:50","guid":{"rendered":"https:\/\/www.emikft.hu\/referenzen\/"},"modified":"2025-09-08T17:39:33","modified_gmt":"2025-09-08T15:39:33","slug":"referenzen","status":"publish","type":"page","link":"https:\/\/www.emikft.hu\/de\/referenzen\/","title":{"rendered":"Referenzen"},"content":{"rendered":"<div class=\"wpb-content-wrapper\"><p>[vc_row][vc_column][\/vc_column][\/vc_row][vc_row css=&#8220;.vc_custom_1750173285634{padding-top: 30px !important;padding-bottom: 30px !important;}&#8220;][vc_column]<div class=\"fp-accordion  style-1 active\">\n\t\t\t\t<div class=\"accordion-title\">\n\t\t\t\t\t<span class=\"icons\">\n\t\t\t\t\t\t<i class=\"fa fa-plus\" aria-hidden=\"true\"><\/i>\n\t\t\t\t\t\t<i class=\"fa fa-minus\" aria-hidden=\"true\"><\/i>\n\t\t\t\t\t<\/span>\n\t                <h2>KIS GmbH \u2013 Saj\u00f3b\u00e1bony<\/h2>\n\t\t\t\t<\/div>\n                <div class=\"toggle-content\"><p>Im Jahr 2022 haben wir in die neue, 1.000 m\u00b2 gro\u00dfe Schwei\u00dfhalle der Kis GmbH insgesamt 7 Luftreinigungsger\u00e4te installiert, deren Ziel die effiziente Entfernung von Staub und sch\u00e4dlichen Gasen ist, die beim Schwei\u00dfen entstehen.<\/p>\n<p>Sechs Absaugeinheiten mit jeweils 1.100 m\u00b3\/h Kapazit\u00e4t und ausgestattet mit Gasw\u00e4schern wurden an sechs Schwei\u00dfarbeitspl\u00e4tzen in Betrieb genommen. Zus\u00e4tzlich wurde eine Anlage mit einer Leistung von 3.000 m\u00b3\/h f\u00fcr den Schwei\u00dfroboter installiert.<\/p>\n<p>Die durch die Gasw\u00e4scher gereinigte Luft wurde anschlie\u00dfend in den neu installierten Luftbehandlungsger\u00e4t-Einlass geleitet, welches die entsprechenden K\u00fchl-, Heiz- und Entfeuchtungsfunktionen in der Halle sicherstellt.<\/p>\n<\/div>\n            <\/div><div class=\"fp-accordion  style-1 active\">\n\t\t\t\t<div class=\"accordion-title\">\n\t\t\t\t\t<span class=\"icons\">\n\t\t\t\t\t\t<i class=\"fa fa-plus\" aria-hidden=\"true\"><\/i>\n\t\t\t\t\t\t<i class=\"fa fa-minus\" aria-hidden=\"true\"><\/i>\n\t\t\t\t\t<\/span>\n\t                <h2>MANITOX GmbH \u2013 Tisza\u00fajv\u00e1ros<\/h2>\n\t\t\t\t<\/div>\n                <div class=\"toggle-content\"><p>Im Jahr 2023 wurden in der bestehenden Produktionshalle der Manitox Kft. drei gasreinigende Heiz- und K\u00fchleinrichtungen mit W\u00e4rmepumpenbetrieb installiert, jeweils mit einer Kapazit\u00e4t von 4.000 m\u00b3\/h.<\/p>\n<p>Das System musste nicht f\u00fcr die Luftfeuchtigkeitsregelung angepasst werden, da dies den vor Ort bestehenden Anforderungen entsprach. Die von den drei Fertigungslinien abgesaugte, mit Paraffin-Kohlenwasserstoffen und Staub belastete Luft bei 45\u201350 \u00b0C wird nach der Reinigung am gegen\u00fcberliegenden Ende der Halle in den Verarbeitungsbereich zur\u00fcckgef\u00fchrt.<\/p>\n<p>Die Qualit\u00e4t der eingeblasenen Luft wurde von einem unabh\u00e4ngigen Labor gepr\u00fcft. Die Ergebnisse zeigten, dass die Konzentration der verbleibenden Luftschadstoffe ein Tausendstel bis Zehntausendstel des gesundheitlichen Grenzwertes betr\u00e4gt, weshalb das System den geltenden Arbeitsschutz- und Umweltschutzbestimmungen entspricht.<\/p>\n<\/div>\n            <\/div><div class=\"fp-accordion  style-1 active\">\n\t\t\t\t<div class=\"accordion-title\">\n\t\t\t\t\t<span class=\"icons\">\n\t\t\t\t\t\t<i class=\"fa fa-plus\" aria-hidden=\"true\"><\/i>\n\t\t\t\t\t\t<i class=\"fa fa-minus\" aria-hidden=\"true\"><\/i>\n\t\t\t\t\t<\/span>\n\t                <h2>Tanoda GmbH \u2013 Miskolc<\/h2>\n\t\t\t\t<\/div>\n                <div class=\"toggle-content\"><p>Im Jahr 2024 haben wir eine Industriek\u00fcche mit einer Kapazit\u00e4t von dreitausend Portionen mit drei Ger\u00e4ten ausgestattet, die jeweils eine Leistung von 7.000 m\u00b3\/h erbringen und sowohl k\u00fchlen, heizen als auch die Luftfeuchtigkeit regulieren k\u00f6nnen.<\/p>\n<p>Da kein separater Technikraum zur Verf\u00fcgung stand, wurden die Ger\u00e4te im Dachboden installiert. Die Au\u00dfeneinheiten der W\u00e4rmepumpen wurden auf dem Flachdach montiert.<\/p>\n<\/div>\n            <\/div>[\/vc_column][\/vc_row][vc_row full_height=&#8220;yes&#8220; equal_height=&#8220;yes&#8220; content_placement=&#8220;top&#8220; css=&#8220;.vc_custom_1751612053546{padding-top: 60px !important;padding-bottom: 60px !important;background-color: #86A1A042 !important;}&#8220;][vc_column width=&#8220;1\/3&#8243; css=&#8220;.vc_custom_1750938006944{padding-top: 30px !important;padding-right: 30px !important;padding-bottom: 30px !important;padding-left: 30px !important;}&#8220;]<div class=\"fp-section-title clearfix  \">\n                <h2>Unser Partnerunternehmen<\/h2>\n                \n            <\/div>[vc_column_text css=&#8220;&#8220;]<img loading=\"lazy\" decoding=\"async\" class=\"alignnone size-medium wp-image-3174\" src=\"http:\/\/www.emikft.hu\/wp-content\/uploads\/2025\/06\/creativenergy-300x125.png\" alt=\"\" width=\"300\" height=\"125\" srcset=\"https:\/\/www.emikft.hu\/wp-content\/uploads\/2025\/06\/creativenergy-300x125.png 300w, https:\/\/www.emikft.hu\/wp-content\/uploads\/2025\/06\/creativenergy-768x319.png 768w, https:\/\/www.emikft.hu\/wp-content\/uploads\/2025\/06\/creativenergy.png 824w\" sizes=\"auto, (max-width: 300px) 100vw, 300px\" \/><\/p>\n<p>&nbsp;<\/p>\n<p>Die CreativEnergy GmbH ist ein in Miskolc ans\u00e4ssiges Unternehmen im Bereich Geb\u00e4udetechnik und Energie, das sich auf Planung, Ausf\u00fchrung sowie Forschung und Entwicklung spezialisiert hat. Ihr Hauptziel ist die Steigerung der Energieeffizienz und der Einsatz nachhaltiger Technologien. Durch ihre innovativen L\u00f6sungen und industriellen Referenzen sind sie ein stabiler Akteur auf dem heimischen Energiemarkt.[\/vc_column_text][\/vc_column][vc_column width=&#8220;1\/3&#8243; css=&#8220;.vc_custom_1750938015063{padding-top: 30px !important;padding-right: 30px !important;padding-bottom: 30px !important;padding-left: 30px !important;}&#8220;]<div class=\"fp-section-title clearfix  \">\n                <h2>T\u00dcV-Zertifikat<\/h2>\n                \n            <\/div>[vc_column_text css=&#8220;&#8220;]<a href=\"https:\/\/www.emikft.hu\/wp-content\/uploads\/2025\/06\/TUV-Tanusitas-MN-69267406-0001_extsigned.pdf\" class=\"pdfemb-viewer\" style=\"width:300px;height:430px;\" data-width=\"300\" data-height=\"430\" data-toolbar=\"bottom\" data-toolbar-fixed=\"off\">T\u00dcV-Zertifikat<\/a>[\/vc_column_text][vc_btn title=&#8220;Download&#8220; i_icon_fontawesome=&#8220;fas fa-cloud-download-alt&#8220; css=&#8220;.vc_custom_1750173063786{padding-top: 10px !important;padding-bottom: 10px !important;}&#8220; add_icon=&#8220;true&#8220; link=&#8220;url:http%3A%2F%2Fwww.emikft.hu%2Fwp-content%2Fuploads%2F2025%2F06%2FTUV-Tanusitas-MN-69267406-0001_extsigned.pdf|&#8220;][\/vc_column][vc_column width=&#8220;1\/3&#8243; css=&#8220;.vc_custom_1751289741614{padding-top: 30px !important;padding-right: 30px !important;padding-bottom: 30px !important;padding-left: 30px !important;}&#8220;]<div class=\"fp-section-title clearfix  \">\n                <h2>Preis 2024<\/h2>\n                \n            <\/div>[vc_column_text css=&#8220;&#8220;]<img loading=\"lazy\" decoding=\"async\" class=\"alignnone size-medium wp-image-3172\" src=\"http:\/\/www.emikft.hu\/wp-content\/uploads\/2025\/06\/BOKIK-Innovacios-Nagydij-Szerkesztve-300x87.png\" alt=\"\" width=\"300\" height=\"87\" srcset=\"https:\/\/www.emikft.hu\/wp-content\/uploads\/2025\/06\/BOKIK-Innovacios-Nagydij-Szerkesztve-300x87.png 300w, https:\/\/www.emikft.hu\/wp-content\/uploads\/2025\/06\/BOKIK-Innovacios-Nagydij-Szerkesztve-740x217.png 740w, https:\/\/www.emikft.hu\/wp-content\/uploads\/2025\/06\/BOKIK-Innovacios-Nagydij-Szerkesztve.png 745w\" sizes=\"auto, (max-width: 300px) 100vw, 300px\" \/>[\/vc_column_text][vc_column_text css=&#8220;.vc_custom_1751290617382{padding-top: 30px !important;}&#8220;]<\/p>\n<h5><strong>Nordungarischer Innovationspreis 2024<\/strong><\/h5>\n<p>Die Elektronikai Mechanikai Innov\u00e1ci\u00f3s GmbH erhielt gemeinsam mit der CreativEnergy GmbH den Nordungarischen Innovationspreis 2024 f\u00fcr ihre gemeinsam entwickelte W\u00e4rmepumpen-Gasreinigungsanlage.<br \/>\nDer Preis wird vom MTA Regionalausschuss Miskolc sowie den Handels- und Industriekammern der Region an Unternehmen verliehen, die herausragende innovative Leistungen erbringen.[\/vc_column_text][\/vc_column][\/vc_row]<\/p>\n<\/div>","protected":false},"excerpt":{"rendered":"<p>[vc_row][vc_column][\/vc_column][\/vc_row][vc_row css=&#8220;.vc_custom_1750173285634{padding-top: 30px !important;padding-bottom: 30px !important;}&#8220;][vc_column][\/vc_column][\/vc_row][vc_row full_height=&#8220;yes&#8220; equal_height=&#8220;yes&#8220; content_placement=&#8220;top&#8220; css=&#8220;.vc_custom_1751612053546{padding-top: 60px !important;padding-bottom: 60px !important;background-color: #86A1A042 !important;}&#8220;][vc_column width=&#8220;1\/3&#8243; css=&#8220;.vc_custom_1750938006944{padding-top: 30px !important;padding-right: 30px !important;padding-bottom: 30px !important;padding-left: 30px !important;}&#8220;][vc_column_text css=&#8220;&#8220;] &nbsp; Die CreativEnergy&hellip;<\/p>\n","protected":false},"author":1,"featured_media":0,"parent":0,"menu_order":0,"comment_status":"closed","ping_status":"closed","template":"template-fullwidth.php","meta":{"footnotes":""},"class_list":["post-3294","page","type-page","status-publish","hentry","no-thumb"],"yoast_head":"<!-- This site is optimized with the Yoast SEO plugin v26.0 - https:\/\/yoast.com\/wordpress\/plugins\/seo\/ -->\n<title>Referenzen &#8211; EMI Kft.<\/title>\n<meta name=\"robots\" content=\"noindex, follow, max-snippet:-1, max-image-preview:large, max-video-preview:-1\" \/>\n<meta property=\"og:locale\" content=\"de_DE\" \/>\n<meta property=\"og:type\" content=\"article\" \/>\n<meta property=\"og:title\" content=\"Referenzen &#8211; EMI Kft.\" \/>\n<meta property=\"og:description\" content=\"[vc_row][vc_column][\/vc_column][\/vc_row][vc_row css=&#8220;.vc_custom_1750173285634{padding-top: 30px !important;padding-bottom: 30px !important;}&#8220;][vc_column][\/vc_column][\/vc_row][vc_row full_height=&#8220;yes&#8220; equal_height=&#8220;yes&#8220; content_placement=&#8220;top&#8220; css=&#8220;.vc_custom_1751612053546{padding-top: 60px !important;padding-bottom: 60px !important;background-color: #86A1A042 !important;}&#8220;][vc_column width=&#8220;1\/3&#8243; css=&#8220;.vc_custom_1750938006944{padding-top: 30px !important;padding-right: 30px !important;padding-bottom: 30px !important;padding-left: 30px !important;}&#8220;][vc_column_text css=&#8220;&#8220;] &nbsp; Die CreativEnergy&hellip;\" \/>\n<meta property=\"og:url\" content=\"https:\/\/www.emikft.hu\/de\/referenzen\/\" \/>\n<meta property=\"og:site_name\" content=\"EMI Kft.\" \/>\n<meta property=\"article:modified_time\" content=\"2025-09-08T15:39:33+00:00\" \/>\n<meta property=\"og:image\" content=\"https:\/\/www.emikft.hu\/wp-content\/uploads\/2025\/06\/creativenergy.png\" \/>\n\t<meta property=\"og:image:width\" content=\"824\" \/>\n\t<meta property=\"og:image:height\" content=\"342\" \/>\n\t<meta property=\"og:image:type\" content=\"image\/png\" \/>\n<meta name=\"twitter:card\" content=\"summary_large_image\" \/>\n<meta name=\"twitter:label1\" content=\"Gesch\u00e4tzte Lesezeit\" \/>\n\t<meta name=\"twitter:data1\" content=\"3\u00a0Minuten\" \/>\n<script type=\"application\/ld+json\" class=\"yoast-schema-graph\">{\"@context\":\"https:\/\/schema.org\",\"@graph\":[{\"@type\":\"WebPage\",\"@id\":\"https:\/\/www.emikft.hu\/de\/referenzen\/\",\"url\":\"https:\/\/www.emikft.hu\/de\/referenzen\/\",\"name\":\"Referenzen &#8211; EMI Kft.\",\"isPartOf\":{\"@id\":\"https:\/\/www.emikft.hu\/#website\"},\"primaryImageOfPage\":{\"@id\":\"https:\/\/www.emikft.hu\/de\/referenzen\/#primaryimage\"},\"image\":{\"@id\":\"https:\/\/www.emikft.hu\/de\/referenzen\/#primaryimage\"},\"thumbnailUrl\":\"http:\/\/www.emikft.hu\/wp-content\/uploads\/2025\/06\/creativenergy-300x125.png\",\"datePublished\":\"2025-01-27T14:18:50+00:00\",\"dateModified\":\"2025-09-08T15:39:33+00:00\",\"breadcrumb\":{\"@id\":\"https:\/\/www.emikft.hu\/de\/referenzen\/#breadcrumb\"},\"inLanguage\":\"de\",\"potentialAction\":[{\"@type\":\"ReadAction\",\"target\":[\"https:\/\/www.emikft.hu\/de\/referenzen\/\"]}]},{\"@type\":\"ImageObject\",\"inLanguage\":\"de\",\"@id\":\"https:\/\/www.emikft.hu\/de\/referenzen\/#primaryimage\",\"url\":\"http:\/\/www.emikft.hu\/wp-content\/uploads\/2025\/06\/creativenergy-300x125.png\",\"contentUrl\":\"http:\/\/www.emikft.hu\/wp-content\/uploads\/2025\/06\/creativenergy-300x125.png\"},{\"@type\":\"BreadcrumbList\",\"@id\":\"https:\/\/www.emikft.hu\/de\/referenzen\/#breadcrumb\",\"itemListElement\":[{\"@type\":\"ListItem\",\"position\":1,\"name\":\"Kezd\u0151lap\",\"item\":\"https:\/\/www.emikft.hu\/de\/\"},{\"@type\":\"ListItem\",\"position\":2,\"name\":\"Referenzen\"}]},{\"@type\":\"WebSite\",\"@id\":\"https:\/\/www.emikft.hu\/#website\",\"url\":\"https:\/\/www.emikft.hu\/\",\"name\":\"EMI\",\"description\":\"Elektronik \u2013 Mechanik \u2013 Innovation\",\"publisher\":{\"@id\":\"https:\/\/www.emikft.hu\/#organization\"},\"alternateName\":\"Elektronikai Mechanikai Innov\u00e1ci\u00f3s Kft.\",\"potentialAction\":[{\"@type\":\"SearchAction\",\"target\":{\"@type\":\"EntryPoint\",\"urlTemplate\":\"https:\/\/www.emikft.hu\/?s={search_term_string}\"},\"query-input\":{\"@type\":\"PropertyValueSpecification\",\"valueRequired\":true,\"valueName\":\"search_term_string\"}}],\"inLanguage\":\"de\"},{\"@type\":\"Organization\",\"@id\":\"https:\/\/www.emikft.hu\/#organization\",\"name\":\"EMI\",\"alternateName\":\"PURIFICATION | HEAT PUMP RECOVERY | HUMIDITY CONTROL\",\"url\":\"https:\/\/www.emikft.hu\/\",\"logo\":{\"@type\":\"ImageObject\",\"inLanguage\":\"de\",\"@id\":\"https:\/\/www.emikft.hu\/#\/schema\/logo\/image\/\",\"url\":\"https:\/\/www.emikft.hu\/wp-content\/uploads\/2025\/02\/cropped-Emi_favicon_32x32px.png\",\"contentUrl\":\"https:\/\/www.emikft.hu\/wp-content\/uploads\/2025\/02\/cropped-Emi_favicon_32x32px.png\",\"width\":512,\"height\":512,\"caption\":\"EMI\"},\"image\":{\"@id\":\"https:\/\/www.emikft.hu\/#\/schema\/logo\/image\/\"}}]}<\/script>\n<!-- \/ Yoast SEO plugin. -->","yoast_head_json":{"title":"Referenzen &#8211; EMI Kft.","robots":{"index":"noindex","follow":"follow","max-snippet":"max-snippet:-1","max-image-preview":"max-image-preview:large","max-video-preview":"max-video-preview:-1"},"og_locale":"de_DE","og_type":"article","og_title":"Referenzen &#8211; EMI Kft.","og_description":"[vc_row][vc_column][\/vc_column][\/vc_row][vc_row css=&#8220;.vc_custom_1750173285634{padding-top: 30px !important;padding-bottom: 30px !important;}&#8220;][vc_column][\/vc_column][\/vc_row][vc_row full_height=&#8220;yes&#8220; equal_height=&#8220;yes&#8220; content_placement=&#8220;top&#8220; css=&#8220;.vc_custom_1751612053546{padding-top: 60px !important;padding-bottom: 60px !important;background-color: #86A1A042 !important;}&#8220;][vc_column width=&#8220;1\/3&#8243; css=&#8220;.vc_custom_1750938006944{padding-top: 30px !important;padding-right: 30px !important;padding-bottom: 30px !important;padding-left: 30px !important;}&#8220;][vc_column_text css=&#8220;&#8220;] &nbsp; Die CreativEnergy&hellip;","og_url":"https:\/\/www.emikft.hu\/de\/referenzen\/","og_site_name":"EMI Kft.","article_modified_time":"2025-09-08T15:39:33+00:00","og_image":[{"width":824,"height":342,"url":"https:\/\/www.emikft.hu\/wp-content\/uploads\/2025\/06\/creativenergy.png","type":"image\/png"}],"twitter_card":"summary_large_image","twitter_misc":{"Gesch\u00e4tzte Lesezeit":"3\u00a0Minuten"},"schema":{"@context":"https:\/\/schema.org","@graph":[{"@type":"WebPage","@id":"https:\/\/www.emikft.hu\/de\/referenzen\/","url":"https:\/\/www.emikft.hu\/de\/referenzen\/","name":"Referenzen &#8211; EMI Kft.","isPartOf":{"@id":"https:\/\/www.emikft.hu\/#website"},"primaryImageOfPage":{"@id":"https:\/\/www.emikft.hu\/de\/referenzen\/#primaryimage"},"image":{"@id":"https:\/\/www.emikft.hu\/de\/referenzen\/#primaryimage"},"thumbnailUrl":"http:\/\/www.emikft.hu\/wp-content\/uploads\/2025\/06\/creativenergy-300x125.png","datePublished":"2025-01-27T14:18:50+00:00","dateModified":"2025-09-08T15:39:33+00:00","breadcrumb":{"@id":"https:\/\/www.emikft.hu\/de\/referenzen\/#breadcrumb"},"inLanguage":"de","potentialAction":[{"@type":"ReadAction","target":["https:\/\/www.emikft.hu\/de\/referenzen\/"]}]},{"@type":"ImageObject","inLanguage":"de","@id":"https:\/\/www.emikft.hu\/de\/referenzen\/#primaryimage","url":"http:\/\/www.emikft.hu\/wp-content\/uploads\/2025\/06\/creativenergy-300x125.png","contentUrl":"http:\/\/www.emikft.hu\/wp-content\/uploads\/2025\/06\/creativenergy-300x125.png"},{"@type":"BreadcrumbList","@id":"https:\/\/www.emikft.hu\/de\/referenzen\/#breadcrumb","itemListElement":[{"@type":"ListItem","position":1,"name":"Kezd\u0151lap","item":"https:\/\/www.emikft.hu\/de\/"},{"@type":"ListItem","position":2,"name":"Referenzen"}]},{"@type":"WebSite","@id":"https:\/\/www.emikft.hu\/#website","url":"https:\/\/www.emikft.hu\/","name":"EMI","description":"Elektronik \u2013 Mechanik \u2013 Innovation","publisher":{"@id":"https:\/\/www.emikft.hu\/#organization"},"alternateName":"Elektronikai Mechanikai Innov\u00e1ci\u00f3s Kft.","potentialAction":[{"@type":"SearchAction","target":{"@type":"EntryPoint","urlTemplate":"https:\/\/www.emikft.hu\/?s={search_term_string}"},"query-input":{"@type":"PropertyValueSpecification","valueRequired":true,"valueName":"search_term_string"}}],"inLanguage":"de"},{"@type":"Organization","@id":"https:\/\/www.emikft.hu\/#organization","name":"EMI","alternateName":"PURIFICATION | HEAT PUMP RECOVERY | HUMIDITY CONTROL","url":"https:\/\/www.emikft.hu\/","logo":{"@type":"ImageObject","inLanguage":"de","@id":"https:\/\/www.emikft.hu\/#\/schema\/logo\/image\/","url":"https:\/\/www.emikft.hu\/wp-content\/uploads\/2025\/02\/cropped-Emi_favicon_32x32px.png","contentUrl":"https:\/\/www.emikft.hu\/wp-content\/uploads\/2025\/02\/cropped-Emi_favicon_32x32px.png","width":512,"height":512,"caption":"EMI"},"image":{"@id":"https:\/\/www.emikft.hu\/#\/schema\/logo\/image\/"}}]}},"_links":{"self":[{"href":"https:\/\/www.emikft.hu\/de\/wp-json\/wp\/v2\/pages\/3294","targetHints":{"allow":["GET"]}}],"collection":[{"href":"https:\/\/www.emikft.hu\/de\/wp-json\/wp\/v2\/pages"}],"about":[{"href":"https:\/\/www.emikft.hu\/de\/wp-json\/wp\/v2\/types\/page"}],"author":[{"embeddable":true,"href":"https:\/\/www.emikft.hu\/de\/wp-json\/wp\/v2\/users\/1"}],"replies":[{"embeddable":true,"href":"https:\/\/www.emikft.hu\/de\/wp-json\/wp\/v2\/comments?post=3294"}],"version-history":[{"count":3,"href":"https:\/\/www.emikft.hu\/de\/wp-json\/wp\/v2\/pages\/3294\/revisions"}],"predecessor-version":[{"id":3299,"href":"https:\/\/www.emikft.hu\/de\/wp-json\/wp\/v2\/pages\/3294\/revisions\/3299"}],"wp:attachment":[{"href":"https:\/\/www.emikft.hu\/de\/wp-json\/wp\/v2\/media?parent=3294"}],"curies":[{"name":"wp","href":"https:\/\/api.w.org\/{rel}","templated":true}]}}