{"id":3300,"date":"2025-06-03T11:36:07","date_gmt":"2025-06-03T09:36:07","guid":{"rendered":"https:\/\/www.emikft.hu\/haeufig-gestellte-fragen\/"},"modified":"2025-09-08T17:46:34","modified_gmt":"2025-09-08T15:46:34","slug":"haeufig-gestellte-fragen","status":"publish","type":"page","link":"https:\/\/www.emikft.hu\/de\/haeufig-gestellte-fragen\/","title":{"rendered":"H\u00e4ufig gestellte Fragen"},"content":{"rendered":"<div class=\"wpb-content-wrapper\"><p>[vc_row css=&#8220;.vc_custom_1486635807150{padding-top: 80px !important;padding-bottom: 50px !important;}&#8220;][vc_column][vc_row_inner css=&#8220;.vc_custom_1476434351135{margin-bottom: 25px !important;}&#8220;][vc_column_inner width=&#8220;1\/2&#8243;]<div class=\"fp-docs \">\n\t\t\t\t<span class=\"icon_q\">Q<\/span>\n                <h2>Was passiert mit der angesaugten Luft oder dem Rauchgas im System?<\/h2>\n                <p>Die Luft oder das Rauchgas wird im System in mehreren Stufen gereinigt, gefiltert und optimiert: Es werden Staub und Schadstoffe entfernt, bei Bedarf die Luftfeuchtigkeit reguliert und die enthaltene W\u00e4rmeenergie zur\u00fcckgewonnen, die anschlie\u00dfend vom System wiederverwendet wird.<\/p>\n            <\/div>[\/vc_column_inner][vc_column_inner width=&#8220;1\/2&#8243;]<div class=\"fp-docs \">\n\t\t\t\t<span class=\"icon_q\">Q<\/span>\n                <h2>In welchen Industriezweigen kann das System eingesetzt werden?<\/h2>\n                <p>Das System ist vielseitig einsetzbar \u2013 unter anderem in den Bereichen Schwei\u00dftechnik, Chemie, Kunststoff, Lebensmittel, Stahl, Papier und Textil sowie in allen Produktionsumgebungen, in denen Staub, Rauch oder Hitze entstehen.<\/p>\n            <\/div>[\/vc_column_inner][\/vc_row_inner][vc_row_inner][vc_column_inner width=&#8220;1\/2&#8243;]<div class=\"fp-docs \">\n\t\t\t\t<span class=\"icon_q\">Q<\/span>\n                <h2>Ist das System auch in der Lage, die Luftfeuchtigkeit zu regeln?<\/h2>\n                <p>Ja, einige unserer Modelle verf\u00fcgen \u00fcber eine integrierte Luftfeuchtigkeitsregelung und sind somit in der Lage, den f\u00fcr den jeweiligen technologischen Prozess erforderlichen konstanten Feuchtigkeitsgrad aufrechtzuerhalten.<\/p>\n            <\/div>[\/vc_column_inner][vc_column_inner width=&#8220;1\/2&#8243;]<div class=\"fp-docs \">\n\t\t\t\t<span class=\"icon_q\">Q<\/span>\n                <h2>Was passiert, wenn die Luft stark verschmutzt ist oder es sich um hei\u00dfes Rauchgas handelt?<\/h2>\n                <p>Unser System wurde so entwickelt, dass es in einem weiten Temperaturbereich \u2013 bis zu 600\u202f\u00b0C \u2013 zuverl\u00e4ssig arbeitet. Es ist in der Lage, auch stark verschmutzte und korrosive Rauchgase zu behandeln: Sie werden gefiltert, und die darin enthaltene W\u00e4rme wird effizient zur\u00fcckgewonnen.<\/p>\n            <\/div>[\/vc_column_inner][\/vc_row_inner][vc_row_inner][vc_column_inner width=&#8220;1\/2&#8243;]<div class=\"fp-docs \">\n\t\t\t\t<span class=\"icon_q\">Q<\/span>\n                <h2>Welche Luftf\u00f6rderleistung k\u00f6nnen die Ger\u00e4te erreichen?<\/h2>\n                <p>Die Ger\u00e4te sind mit einer Kapazit\u00e4t von 1.000 bis 15.000 m\u00b3\/h skalierbar und k\u00f6nnen bei Bedarf auch in Kaskade geschaltet werden, sodass auch gr\u00f6\u00dfere Hallen und industrielle Anlagen problemlos bedient werden k\u00f6nnen.<\/p>\n            <\/div>[\/vc_column_inner][vc_column_inner width=&#8220;1\/2&#8243;]<div class=\"fp-docs \">\n\t\t\t\t<span class=\"icon_q\">Q<\/span>\n                <h2>Was bedeutet Kaskadenschaltung<\/h2>\n                <p>Mehrere Ger\u00e4te k\u00f6nnen parallel miteinander verbunden werden, sodass sich ihre Leistung summiert \u2013 zum Beispiel liefern drei Einheiten mit je 15.000\u202fm\u00b3\/h gemeinsam eine Gesamtkapazit\u00e4t von 45.000\u202fm\u00b3\/h.<\/p>\n            <\/div>[\/vc_column_inner][\/vc_row_inner][vc_row_inner][vc_column_inner width=&#8220;1\/2&#8243;]<div class=\"fp-docs \">\n\t\t\t\t<span class=\"icon_q\">Q<\/span>\n                <h2>Welche Einsparungen kann die Nutzung des Systems bewirken?<\/h2>\n                <p>Basierend auf den Anwendererfahrungen kann im Vergleich zu herk\u00f6mmlichen Systemen eine Energieeinsparung von 50\u201370 % erreicht werden, dank der W\u00e4rmer\u00fcckgewinnung und der hohen Effizienz des Systems.<\/p>\n            <\/div>[\/vc_column_inner][vc_column_inner width=&#8220;1\/2&#8243;]<div class=\"fp-docs \">\n\t\t\t\t<span class=\"icon_q\">Q<\/span>\n                <h2>Wie umweltfreundlich ist das Ger\u00e4t?<\/h2>\n                <p>Durch den Einsatz des Systems kann die Staubbelastung um bis zu 100\u202f% reduziert werden, und auch der Aussto\u00df von Treibhausgasen kann deutlich \u2013 um bis zu 70\u202f% \u2013 gesenkt werden.<\/p>\n            <\/div>[\/vc_column_inner][\/vc_row_inner][vc_row_inner][vc_column_inner width=&#8220;1\/2&#8243;]<div class=\"fp-docs \">\n\t\t\t\t<span class=\"icon_q\">Q<\/span>\n                <h2>Wie erfolgt die Wartung?<\/h2>\n                <p>Das System wurde so konzipiert, dass die Wartung einfach und zug\u00e4nglich ist. Die Reinigungsaggregate, Filter und Steuerungssysteme sind gut zug\u00e4nglich, und unser Serviceteam steht mit landesweiter Abdeckung zur Verf\u00fcgung.<\/p>\n            <\/div>[\/vc_column_inner][vc_column_inner width=&#8220;1\/2&#8243;]<div class=\"fp-docs \">\n\t\t\t\t<span class=\"icon_q\">Q<\/span>\n                <h2>Kann das System auch nachtr\u00e4glich in bestehende Anlagen integriert werden?<\/h2>\n                <p>Ja, unsere Anlagen verf\u00fcgen \u00fcber einen modularen Aufbau und lassen sich daher problemlos in bestehende L\u00fcftungssysteme integrieren. Sie sind auch f\u00fcr die nachtr\u00e4gliche Installation \u2013 also als Retrofit-L\u00f6sung \u2013 geeignet. Das bedeutet, dass sie ohne gr\u00f6\u00dfere Umbauma\u00dfnahmen in bestehende Systeme eingebunden werden k\u00f6nnen, wodurch deren Effizienz erh\u00f6ht und der Energieverbrauch reduziert wird.<\/p>\n            <\/div>[\/vc_column_inner][\/vc_row_inner][\/vc_column][\/vc_row]<\/p>\n<\/div>","protected":false},"excerpt":{"rendered":"<p>[vc_row css=&#8220;.vc_custom_1486635807150{padding-top: 80px !important;padding-bottom: 50px !important;}&#8220;][vc_column][vc_row_inner css=&#8220;.vc_custom_1476434351135{margin-bottom: 25px !important;}&#8220;][vc_column_inner width=&#8220;1\/2&#8243;][\/vc_column_inner][vc_column_inner width=&#8220;1\/2&#8243;][\/vc_column_inner][\/vc_row_inner][vc_row_inner][vc_column_inner width=&#8220;1\/2&#8243;][\/vc_column_inner][vc_column_inner width=&#8220;1\/2&#8243;][\/vc_column_inner][\/vc_row_inner][vc_row_inner][vc_column_inner width=&#8220;1\/2&#8243;][\/vc_column_inner][vc_column_inner width=&#8220;1\/2&#8243;][\/vc_column_inner][\/vc_row_inner][vc_row_inner][vc_column_inner width=&#8220;1\/2&#8243;][\/vc_column_inner][vc_column_inner width=&#8220;1\/2&#8243;][\/vc_column_inner][\/vc_row_inner][vc_row_inner][vc_column_inner width=&#8220;1\/2&#8243;][\/vc_column_inner][vc_column_inner width=&#8220;1\/2&#8243;][\/vc_column_inner][\/vc_row_inner][\/vc_column][\/vc_row]<\/p>\n","protected":false},"author":1,"featured_media":0,"parent":0,"menu_order":0,"comment_status":"closed","ping_status":"closed","template":"template-fullwidth.php","meta":{"footnotes":""},"class_list":["post-3300","page","type-page","status-publish","hentry","no-thumb"],"yoast_head":"<!-- This site is optimized with the Yoast SEO plugin v26.0 - https:\/\/yoast.com\/wordpress\/plugins\/seo\/ -->\n<title>H\u00e4ufig gestellte Fragen &#8211; EMI Kft.<\/title>\n<meta name=\"robots\" content=\"noindex, follow, max-snippet:-1, max-image-preview:large, max-video-preview:-1\" \/>\n<meta property=\"og:locale\" content=\"de_DE\" \/>\n<meta property=\"og:type\" content=\"article\" \/>\n<meta property=\"og:title\" content=\"H\u00e4ufig gestellte Fragen &#8211; EMI Kft.\" \/>\n<meta property=\"og:description\" content=\"[vc_row css=&#8220;.vc_custom_1486635807150{padding-top: 80px !important;padding-bottom: 50px !important;}&#8220;][vc_column][vc_row_inner css=&#8220;.vc_custom_1476434351135{margin-bottom: 25px !important;}&#8220;][vc_column_inner width=&#8220;1\/2&#8243;][\/vc_column_inner][vc_column_inner width=&#8220;1\/2&#8243;][\/vc_column_inner][\/vc_row_inner][vc_row_inner][vc_column_inner width=&#8220;1\/2&#8243;][\/vc_column_inner][vc_column_inner width=&#8220;1\/2&#8243;][\/vc_column_inner][\/vc_row_inner][vc_row_inner][vc_column_inner width=&#8220;1\/2&#8243;][\/vc_column_inner][vc_column_inner width=&#8220;1\/2&#8243;][\/vc_column_inner][\/vc_row_inner][vc_row_inner][vc_column_inner width=&#8220;1\/2&#8243;][\/vc_column_inner][vc_column_inner width=&#8220;1\/2&#8243;][\/vc_column_inner][\/vc_row_inner][vc_row_inner][vc_column_inner width=&#8220;1\/2&#8243;][\/vc_column_inner][vc_column_inner width=&#8220;1\/2&#8243;][\/vc_column_inner][\/vc_row_inner][\/vc_column][\/vc_row]\" \/>\n<meta property=\"og:url\" content=\"https:\/\/www.emikft.hu\/de\/haeufig-gestellte-fragen\/\" \/>\n<meta property=\"og:site_name\" content=\"EMI Kft.\" \/>\n<meta property=\"article:modified_time\" content=\"2025-09-08T15:46:34+00:00\" \/>\n<meta property=\"og:image\" content=\"https:\/\/www.emikft.hu\/wp-content\/uploads\/2025\/06\/04_slide.jpg\" \/>\n\t<meta property=\"og:image:width\" content=\"1920\" \/>\n\t<meta property=\"og:image:height\" content=\"810\" \/>\n\t<meta property=\"og:image:type\" content=\"image\/jpeg\" \/>\n<meta name=\"twitter:card\" content=\"summary_large_image\" \/>\n<meta name=\"twitter:label1\" content=\"Gesch\u00e4tzte Lesezeit\" \/>\n\t<meta name=\"twitter:data1\" content=\"3\u00a0Minuten\" \/>\n<script type=\"application\/ld+json\" class=\"yoast-schema-graph\">{\"@context\":\"https:\/\/schema.org\",\"@graph\":[{\"@type\":\"WebPage\",\"@id\":\"https:\/\/www.emikft.hu\/de\/haeufig-gestellte-fragen\/\",\"url\":\"https:\/\/www.emikft.hu\/de\/haeufig-gestellte-fragen\/\",\"name\":\"H\u00e4ufig gestellte Fragen &#8211; EMI Kft.\",\"isPartOf\":{\"@id\":\"https:\/\/www.emikft.hu\/#website\"},\"datePublished\":\"2025-06-03T09:36:07+00:00\",\"dateModified\":\"2025-09-08T15:46:34+00:00\",\"breadcrumb\":{\"@id\":\"https:\/\/www.emikft.hu\/de\/haeufig-gestellte-fragen\/#breadcrumb\"},\"inLanguage\":\"de\",\"potentialAction\":[{\"@type\":\"ReadAction\",\"target\":[\"https:\/\/www.emikft.hu\/de\/haeufig-gestellte-fragen\/\"]}]},{\"@type\":\"BreadcrumbList\",\"@id\":\"https:\/\/www.emikft.hu\/de\/haeufig-gestellte-fragen\/#breadcrumb\",\"itemListElement\":[{\"@type\":\"ListItem\",\"position\":1,\"name\":\"Kezd\u0151lap\",\"item\":\"https:\/\/www.emikft.hu\/de\/\"},{\"@type\":\"ListItem\",\"position\":2,\"name\":\"H\u00e4ufig gestellte Fragen\"}]},{\"@type\":\"WebSite\",\"@id\":\"https:\/\/www.emikft.hu\/#website\",\"url\":\"https:\/\/www.emikft.hu\/\",\"name\":\"EMI\",\"description\":\"Elektronik \u2013 Mechanik \u2013 Innovation\",\"publisher\":{\"@id\":\"https:\/\/www.emikft.hu\/#organization\"},\"alternateName\":\"Elektronikai Mechanikai Innov\u00e1ci\u00f3s Kft.\",\"potentialAction\":[{\"@type\":\"SearchAction\",\"target\":{\"@type\":\"EntryPoint\",\"urlTemplate\":\"https:\/\/www.emikft.hu\/?s={search_term_string}\"},\"query-input\":{\"@type\":\"PropertyValueSpecification\",\"valueRequired\":true,\"valueName\":\"search_term_string\"}}],\"inLanguage\":\"de\"},{\"@type\":\"Organization\",\"@id\":\"https:\/\/www.emikft.hu\/#organization\",\"name\":\"EMI\",\"alternateName\":\"PURIFICATION | HEAT PUMP RECOVERY | HUMIDITY CONTROL\",\"url\":\"https:\/\/www.emikft.hu\/\",\"logo\":{\"@type\":\"ImageObject\",\"inLanguage\":\"de\",\"@id\":\"https:\/\/www.emikft.hu\/#\/schema\/logo\/image\/\",\"url\":\"https:\/\/www.emikft.hu\/wp-content\/uploads\/2025\/02\/cropped-Emi_favicon_32x32px.png\",\"contentUrl\":\"https:\/\/www.emikft.hu\/wp-content\/uploads\/2025\/02\/cropped-Emi_favicon_32x32px.png\",\"width\":512,\"height\":512,\"caption\":\"EMI\"},\"image\":{\"@id\":\"https:\/\/www.emikft.hu\/#\/schema\/logo\/image\/\"}}]}<\/script>\n<!-- \/ Yoast SEO plugin. -->","yoast_head_json":{"title":"H\u00e4ufig gestellte Fragen &#8211; EMI Kft.","robots":{"index":"noindex","follow":"follow","max-snippet":"max-snippet:-1","max-image-preview":"max-image-preview:large","max-video-preview":"max-video-preview:-1"},"og_locale":"de_DE","og_type":"article","og_title":"H\u00e4ufig gestellte Fragen &#8211; EMI Kft.","og_description":"[vc_row css=&#8220;.vc_custom_1486635807150{padding-top: 80px !important;padding-bottom: 50px !important;}&#8220;][vc_column][vc_row_inner css=&#8220;.vc_custom_1476434351135{margin-bottom: 25px !important;}&#8220;][vc_column_inner width=&#8220;1\/2&#8243;][\/vc_column_inner][vc_column_inner width=&#8220;1\/2&#8243;][\/vc_column_inner][\/vc_row_inner][vc_row_inner][vc_column_inner width=&#8220;1\/2&#8243;][\/vc_column_inner][vc_column_inner width=&#8220;1\/2&#8243;][\/vc_column_inner][\/vc_row_inner][vc_row_inner][vc_column_inner width=&#8220;1\/2&#8243;][\/vc_column_inner][vc_column_inner width=&#8220;1\/2&#8243;][\/vc_column_inner][\/vc_row_inner][vc_row_inner][vc_column_inner width=&#8220;1\/2&#8243;][\/vc_column_inner][vc_column_inner width=&#8220;1\/2&#8243;][\/vc_column_inner][\/vc_row_inner][vc_row_inner][vc_column_inner width=&#8220;1\/2&#8243;][\/vc_column_inner][vc_column_inner width=&#8220;1\/2&#8243;][\/vc_column_inner][\/vc_row_inner][\/vc_column][\/vc_row]","og_url":"https:\/\/www.emikft.hu\/de\/haeufig-gestellte-fragen\/","og_site_name":"EMI Kft.","article_modified_time":"2025-09-08T15:46:34+00:00","og_image":[{"width":1920,"height":810,"url":"https:\/\/www.emikft.hu\/wp-content\/uploads\/2025\/06\/04_slide.jpg","type":"image\/jpeg"}],"twitter_card":"summary_large_image","twitter_misc":{"Gesch\u00e4tzte Lesezeit":"3\u00a0Minuten"},"schema":{"@context":"https:\/\/schema.org","@graph":[{"@type":"WebPage","@id":"https:\/\/www.emikft.hu\/de\/haeufig-gestellte-fragen\/","url":"https:\/\/www.emikft.hu\/de\/haeufig-gestellte-fragen\/","name":"H\u00e4ufig gestellte Fragen &#8211; EMI Kft.","isPartOf":{"@id":"https:\/\/www.emikft.hu\/#website"},"datePublished":"2025-06-03T09:36:07+00:00","dateModified":"2025-09-08T15:46:34+00:00","breadcrumb":{"@id":"https:\/\/www.emikft.hu\/de\/haeufig-gestellte-fragen\/#breadcrumb"},"inLanguage":"de","potentialAction":[{"@type":"ReadAction","target":["https:\/\/www.emikft.hu\/de\/haeufig-gestellte-fragen\/"]}]},{"@type":"BreadcrumbList","@id":"https:\/\/www.emikft.hu\/de\/haeufig-gestellte-fragen\/#breadcrumb","itemListElement":[{"@type":"ListItem","position":1,"name":"Kezd\u0151lap","item":"https:\/\/www.emikft.hu\/de\/"},{"@type":"ListItem","position":2,"name":"H\u00e4ufig gestellte Fragen"}]},{"@type":"WebSite","@id":"https:\/\/www.emikft.hu\/#website","url":"https:\/\/www.emikft.hu\/","name":"EMI","description":"Elektronik \u2013 Mechanik \u2013 Innovation","publisher":{"@id":"https:\/\/www.emikft.hu\/#organization"},"alternateName":"Elektronikai Mechanikai Innov\u00e1ci\u00f3s Kft.","potentialAction":[{"@type":"SearchAction","target":{"@type":"EntryPoint","urlTemplate":"https:\/\/www.emikft.hu\/?s={search_term_string}"},"query-input":{"@type":"PropertyValueSpecification","valueRequired":true,"valueName":"search_term_string"}}],"inLanguage":"de"},{"@type":"Organization","@id":"https:\/\/www.emikft.hu\/#organization","name":"EMI","alternateName":"PURIFICATION | HEAT PUMP RECOVERY | HUMIDITY CONTROL","url":"https:\/\/www.emikft.hu\/","logo":{"@type":"ImageObject","inLanguage":"de","@id":"https:\/\/www.emikft.hu\/#\/schema\/logo\/image\/","url":"https:\/\/www.emikft.hu\/wp-content\/uploads\/2025\/02\/cropped-Emi_favicon_32x32px.png","contentUrl":"https:\/\/www.emikft.hu\/wp-content\/uploads\/2025\/02\/cropped-Emi_favicon_32x32px.png","width":512,"height":512,"caption":"EMI"},"image":{"@id":"https:\/\/www.emikft.hu\/#\/schema\/logo\/image\/"}}]}},"_links":{"self":[{"href":"https:\/\/www.emikft.hu\/de\/wp-json\/wp\/v2\/pages\/3300","targetHints":{"allow":["GET"]}}],"collection":[{"href":"https:\/\/www.emikft.hu\/de\/wp-json\/wp\/v2\/pages"}],"about":[{"href":"https:\/\/www.emikft.hu\/de\/wp-json\/wp\/v2\/types\/page"}],"author":[{"embeddable":true,"href":"https:\/\/www.emikft.hu\/de\/wp-json\/wp\/v2\/users\/1"}],"replies":[{"embeddable":true,"href":"https:\/\/www.emikft.hu\/de\/wp-json\/wp\/v2\/comments?post=3300"}],"version-history":[{"count":3,"href":"https:\/\/www.emikft.hu\/de\/wp-json\/wp\/v2\/pages\/3300\/revisions"}],"predecessor-version":[{"id":3303,"href":"https:\/\/www.emikft.hu\/de\/wp-json\/wp\/v2\/pages\/3300\/revisions\/3303"}],"wp:attachment":[{"href":"https:\/\/www.emikft.hu\/de\/wp-json\/wp\/v2\/media?parent=3300"}],"curies":[{"name":"wp","href":"https:\/\/api.w.org\/{rel}","templated":true}]}}