{"id":3234,"date":"2025-01-27T15:18:35","date_gmt":"2025-01-27T14:18:35","guid":{"rendered":"https:\/\/www.emikft.hu\/rolunk\/"},"modified":"2025-10-03T08:00:42","modified_gmt":"2025-10-03T06:00:42","slug":"rolunk","status":"publish","type":"page","link":"https:\/\/www.emikft.hu\/en\/rolunk\/","title":{"rendered":"About us"},"content":{"rendered":"<div class=\"wpb-content-wrapper\"><p>[vc_row css=&#8221;.vc_custom_1486635938421{padding-top: 80px !important;padding-bottom: 80px !important;}&#8221;][vc_column width=&#8221;1\/2&#8243; el_class=&#8221;fp-about-desc&#8221; css=&#8221;.vc_custom_1479962247750{padding-left: 45px !important;}&#8221;][vc_column_text css=&#8221;.vc_custom_1757059712231{margin-bottom: 30px !important;}&#8221; el_class=&#8221;fp-main-text&#8221;]<\/p>\n<p class=\"main-color\" style=\"line-height: 40px; font-size: 30px; font-weight: 400;\">Smart solutions for cleaner air and profitable energy use<\/p>\n<p>[\/vc_column_text][vc_column_text css=&#8221;.vc_custom_1757059752581{margin-bottom: 20px !important;}&#8221;]All industrial air exchange is heat loss and pollution \u2014 but it doesn\u2019t have to stay that way.[\/vc_column_text][vc_column_text css=&#8221;.vc_custom_1757059767011{margin-bottom: 30px !important;}&#8221;]The CAN system combines air purification and energy recovery under any conditions.<br \/>\nWhether it is smoke, gas, dust, or humidity, our technology operates reliably and efficiently.<br \/>\nOur goal is not only energy savings, but also building a more sustainable industrial future.[\/vc_column_text][\/vc_column][vc_column width=&#8221;1\/2&#8243; el_class=&#8221;top-spacing&#8221;][vc_video link=&#8221;https:\/\/youtu.be\/9fPBbnqJJlw&#8221; css=&#8221;&#8221;][\/vc_column][\/vc_row][vc_row enable_parallax=&#8221;yes&#8221; css=&#8221;.vc_custom_1750937349933{padding-top: 70px !important;padding-bottom: 70px !important;background: #86A1A042 url(http:\/\/www.emikft.hu\/wp-content\/uploads\/2025\/06\/02_slide.jpg?id=3042) !important;}&#8221;][vc_column width=&#8221;1\/4&#8243; css=&#8221;.vc_custom_1478760673228{padding-top: 20px !important;}&#8221;][vc_column_text css=&#8221;&#8221;]<\/p>\n<div style=\"font-size: 30px; font-weight: bold; font-family: 'Montserrat', sans-serif; color: #fff; line-height: 40px; text-transform: uppercase;\">That&#8217;s why<br \/>\n<span class=\"main-color\">it&#8217;s worth<\/span><\/div>\n<p>[\/vc_column_text][\/vc_column][vc_column width=&#8221;1\/4&#8243;]<div class=\"fp-counter  style-1\">\n                <div class=\"counter\">\n                \t<div class=\"value\">70<\/div>\n                \t<span>%<\/span>\n                <\/div>\n                <h4>Energy Savings<\/h4>\n                 <span class=\"fp-icon\"><i class=\"fa fa-battery-3\"><\/i><\/span>\n            <\/div>[\/vc_column][vc_column width=&#8221;1\/4&#8243;]<div class=\"fp-counter  style-1\">\n                <div class=\"counter\">\n                \t<div class=\"value\">100<\/div>\n                \t<span>%<\/span>\n                <\/div>\n                <h4>Dust Load Reduction<\/h4>\n                 <span class=\"fp-icon\"><i class=\"fa fa-arrow-down\"><\/i><\/span>\n            <\/div>[\/vc_column][vc_column width=&#8221;1\/4&#8243;]<div class=\"fp-counter  style-1\">\n                <div class=\"counter\">\n                \t<div class=\"value\">11<\/div>\n                \t<span><\/span>\n                <\/div>\n                <h4>Operating Industrial Reference Plants<\/h4>\n                 <span class=\"fp-icon\"><i class=\"fa fa-play-circle-o\"><\/i><\/span>\n            <\/div>[\/vc_column][\/vc_row][vc_row css=&#8221;.vc_custom_1478074676155{padding-top: 75px !important;padding-bottom: 50px !important;}&#8221;][vc_column width=&#8221;1\/2&#8243;]<div class=\"fp-section-title clearfix  \">\n                <h2>About us<\/h2>\n                \n            <\/div>[vc_single_image image=&#8221;3212&#8243; img_size=&#8221;full&#8221; css=&#8221;.vc_custom_1580716948140{margin-bottom: 25px !important;}&#8221;][vc_column_text css=&#8221;.vc_custom_1757931858104{margin-bottom: 25px !important;}&#8221;]Our THE CAN air purification and energy recovery system filters and purifies the air, extracts and transforms the energy as needed, and then feeds it back into the system in the desired form.<br \/>\nIt\u2019s that simple.[\/vc_column_text][vc_row_inner][vc_column_inner offset=&#8221;vc_col-lg-4 vc_col-md-4&#8243;]<div class=\"fp-icon-box-4 icon-center dark-version \">\n\t\t\t\t <span class=\"fp-icon\"><i class=\"factory-travel\"><\/i><\/span>\n                \n                <div class=\"sub-title\"><\/div>\n                <div class=\"desc\"><p>Heat recovery even<br \/>\nat high temperatures<\/p>\n<\/div>\n            <\/div>[\/vc_column_inner][vc_column_inner offset=&#8221;vc_col-lg-4 vc_col-md-4&#8243;]<div class=\"fp-icon-box-4 icon-center dark-version \">\n\t\t\t\t <span class=\"fp-icon\"><i class=\"factory-quality\"><\/i><\/span>\n                \n                <div class=\"sub-title\"><\/div>\n                <div class=\"desc\"><p class=\"p1\">&#8220;T\u00dcV Rheinland InterCert Ltd.<br \/>\nCertificate&#8221;<\/p>\n<\/div>\n            <\/div>[\/vc_column_inner][vc_column_inner offset=&#8221;vc_col-lg-4 vc_col-md-4&#8243;]<div class=\"fp-icon-box-4 icon-center dark-version \">\n\t\t\t\t <span class=\"fp-icon\"><i class=\"factory-layers\"><\/i><\/span>\n                \n                <div class=\"sub-title\"><\/div>\n                <div class=\"desc\"><p class=\"p1\">CE trademark<\/p>\n<\/div>\n            <\/div>[\/vc_column_inner][\/vc_row_inner]<div class=\"fp-phone clearfix \">\n\t\t\t\t<a href=\"https:\/\/www.emikft.hu\/en\/contact\/\" class=\"fp-btn\">Call US<\/a>\n\t\t\t\t<div class=\"hotline\">\n\t\t\t\t\t<i class=\"factory-technology\"><\/i>\n\t\t\t\t\t<span>Emi Kft.<\/span>\n\t\t\t\t\t<p>+ 36 20 341 0650<\/p>\n\t\t\t\t<\/div>\n\t\t\t<\/div>[\/vc_column][vc_column width=&#8221;1\/2&#8243; el_class=&#8221;top-spacing&#8221;]<div class=\"fp-section-title clearfix  \">\n                <h2>Why choose us<\/h2>\n                \n            <\/div>[vc_column_text css=&#8221;.vc_custom_1749537761809{margin-bottom: 30px !important;}&#8221;]<\/p>\n<p class=\"main-color\" style=\"margin-top: -7px; font-size: 18px; font-family: 'Lato', sans-serif;\">Our goal is to minimize the environmental impact of industrial processes while maximizing system energy efficiency.<\/p>\n<p>[\/vc_column_text][vc_row_inner css=&#8221;.vc_custom_1476246691069{border-bottom-width: 1px !important;border-bottom-color: #f7f7f7 !important;border-bottom-style: solid !important;}&#8221;][vc_column_inner width=&#8221;1\/2&#8243; css=&#8221;.vc_custom_1478514724905{border-right-width: 1px !important;border-right-color: #f7f7f7 !important;border-right-style: solid !important;}&#8221;]<div class=\"fp-icon-box-3 icon-center dark-version \">\n\t\t\t\t <span class=\"fp-icon\"><i class=\"fa fa-cog\"><\/i><\/span>\n                 <h4>Smart Energy Use<\/h4>\n                <div class=\"sub-title\"><\/div>\n                <div class=\"desc\"><p>THE CAN innovations not only reduce waste, but also create opportunities for more efficient and smarter energy utilization.<\/p>\n<\/div>\n            <\/div>[\/vc_column_inner][vc_column_inner width=&#8221;1\/2&#8243; css=&#8221;.vc_custom_1478514718286{padding-right: 0px !important;}&#8221;]<div class=\"fp-icon-box-3 icon-center dark-version \">\n\t\t\t\t <span class=\"fp-icon\"><i class=\"factory-technology-2\"><\/i><\/span>\n                 <h4>Dust-Free Operation<\/h4>\n                <div class=\"sub-title\"><\/div>\n                <div class=\"desc\"><p>A berendez\u00e9s haszn\u00e1lat\u00e1val 100%-kal megsz\u00fcntethet\u0151 a porterhel\u00e9s, \u00edgy jelent\u0151sen javul a leveg\u0151 min\u0151s\u00e9g<\/p>\n<\/div>\n            <\/div>[\/vc_column_inner][\/vc_row_inner][vc_row_inner][vc_column_inner width=&#8221;1\/2&#8243; css=&#8221;.vc_custom_1478255037218{border-right-width: 1px !important;padding-top: 35px !important;border-right-color: #f7f7f7 !important;border-right-style: solid !important;}&#8221;]<div class=\"fp-icon-box-3 icon-center dark-version \">\n\t\t\t\t <span class=\"fp-icon\"><i class=\"factory-internet\"><\/i><\/span>\n                 <h4>Lower Emission<\/h4>\n                <div class=\"sub-title\"><\/div>\n                <div class=\"desc\"><p>The system reduces greenhouse gas emission by 50\u201370%, contributing to the fight against climate change.<\/p>\n<\/div>\n            <\/div>[\/vc_column_inner][vc_column_inner width=&#8221;1\/2&#8243; css=&#8221;.vc_custom_1478514710821{padding-top: 35px !important;padding-right: 0px !important;}&#8221;]<div class=\"fp-icon-box-3 icon-center dark-version \">\n\t\t\t\t <span class=\"fp-icon\"><i class=\"factory-badge\"><\/i><\/span>\n                 <h4>Green Technology<\/h4>\n                <div class=\"sub-title\"><\/div>\n                <div class=\"desc\"><p>The ecological footprint of the entire technological system is significantly reduced, making sustainable industrial operation achievable.<\/p>\n<\/div>\n            <\/div>[\/vc_column_inner][\/vc_row_inner][\/vc_column][\/vc_row][vc_row full_height=&#8221;yes&#8221; equal_height=&#8221;yes&#8221; enable_parallax=&#8221;yes&#8221; css=&#8221;.vc_custom_1750932387619{padding-top: 80px !important;padding-bottom: 50px !important;background-image: url(http:\/\/www.emikft.hu\/wp-content\/uploads\/2025\/06\/04_slide.jpg?id=3123) !important;background-position: center !important;background-repeat: no-repeat !important;background-size: cover !important;}&#8221;][vc_column width=&#8221;1\/2&#8243; offset=&#8221;vc_col-lg-4 vc_col-md-4&#8243; css=&#8221;.vc_custom_1750937476396{padding-top: 30px !important;padding-bottom: 30px !important;background-color: #00000099 !important;}&#8221;]<div class=\"fp-section-title clearfix   light-skin\">\n                <h2>The CAN system recovers energy, purifies the air, and reuses heat.<\/h2>\n                \n            <\/div>[\/vc_column][vc_column width=&#8221;1\/2&#8243; css=&#8221;.vc_custom_1750932588524{padding-top: 30px !important;padding-right: 30px !important;padding-bottom: 30px !important;padding-left: 30px !important;background-color: #00000099 !important;}&#8221;][vc_column_text css=&#8221;&#8221;]<\/p>\n<div style=\"color: #ffffff;\">\n<ul>\n<li>Smoke, gas, dust, chemical contamination, low or high humidity<\/li>\n<li>Heat recovery even at high temperatures<\/li>\n<li>Automatic humidity control (optional)<\/li>\n<li>SScalable solutions \u2014 from small plants to industrial scale, 1,000\u201315,000 m\u00b3\/h, cascadeable up to 60,000 m\u00b3\/h, from 10 to 120 kW<\/li>\n<li>Measurable results, proven return on investments<\/li>\n<li>50\u201370% energy savings<\/li>\n<li>100% dust load reduction<\/li>\n<li>11+ operating reference plants<\/li>\n<li>ROI within 1 year<\/li>\n<\/ul>\n<\/div>\n<p>[\/vc_column_text][\/vc_column][\/vc_row]<\/p>\n<\/div>","protected":false},"excerpt":{"rendered":"<p>[vc_row css=&#8221;.vc_custom_1486635938421{padding-top: 80px !important;padding-bottom: 80px !important;}&#8221;][vc_column width=&#8221;1\/2&#8243; el_class=&#8221;fp-about-desc&#8221; css=&#8221;.vc_custom_1479962247750{padding-left: 45px !important;}&#8221;][vc_column_text css=&#8221;.vc_custom_1757059712231{margin-bottom: 30px !important;}&#8221; el_class=&#8221;fp-main-text&#8221;] Smart solutions for cleaner air and profitable energy use [\/vc_column_text][vc_column_text css=&#8221;.vc_custom_1757059752581{margin-bottom: 20px !important;}&#8221;]All industrial air&hellip;<\/p>\n","protected":false},"author":1,"featured_media":0,"parent":0,"menu_order":0,"comment_status":"closed","ping_status":"closed","template":"template-fullwidth.php","meta":{"footnotes":""},"class_list":["post-3234","page","type-page","status-publish","hentry","no-thumb"],"yoast_head":"<!-- This site is optimized with the Yoast SEO plugin v26.0 - https:\/\/yoast.com\/wordpress\/plugins\/seo\/ -->\n<title>About us &#8211; EMI Kft.<\/title>\n<meta name=\"robots\" content=\"noindex, follow, max-snippet:-1, max-image-preview:large, max-video-preview:-1\" \/>\n<meta property=\"og:locale\" content=\"en_US\" \/>\n<meta property=\"og:type\" content=\"article\" \/>\n<meta property=\"og:title\" content=\"About us &#8211; EMI Kft.\" \/>\n<meta property=\"og:description\" content=\"[vc_row css=&#8221;.vc_custom_1486635938421{padding-top: 80px !important;padding-bottom: 80px !important;}&#8221;][vc_column width=&#8221;1\/2&#8243; el_class=&#8221;fp-about-desc&#8221; css=&#8221;.vc_custom_1479962247750{padding-left: 45px !important;}&#8221;][vc_column_text css=&#8221;.vc_custom_1757059712231{margin-bottom: 30px !important;}&#8221; el_class=&#8221;fp-main-text&#8221;] Smart solutions for cleaner air and profitable energy use [\/vc_column_text][vc_column_text css=&#8221;.vc_custom_1757059752581{margin-bottom: 20px !important;}&#8221;]All industrial air&hellip;\" \/>\n<meta property=\"og:url\" content=\"https:\/\/www.emikft.hu\/rolunk\/\" \/>\n<meta property=\"og:site_name\" content=\"EMI Kft.\" \/>\n<meta property=\"article:modified_time\" content=\"2025-10-03T06:00:42+00:00\" \/>\n<meta property=\"og:image\" content=\"https:\/\/www.emikft.hu\/wp-content\/uploads\/2025\/06\/04_slide.jpg\" \/>\n\t<meta property=\"og:image:width\" content=\"1920\" \/>\n\t<meta property=\"og:image:height\" content=\"810\" \/>\n\t<meta property=\"og:image:type\" content=\"image\/jpeg\" \/>\n<meta name=\"twitter:card\" content=\"summary_large_image\" \/>\n<meta name=\"twitter:label1\" content=\"Est. reading time\" \/>\n\t<meta name=\"twitter:data1\" content=\"3 minutes\" \/>\n<script type=\"application\/ld+json\" class=\"yoast-schema-graph\">{\"@context\":\"https:\/\/schema.org\",\"@graph\":[{\"@type\":\"WebPage\",\"@id\":\"https:\/\/www.emikft.hu\/rolunk\/\",\"url\":\"https:\/\/www.emikft.hu\/rolunk\/\",\"name\":\"About us &#8211; EMI Kft.\",\"isPartOf\":{\"@id\":\"https:\/\/www.emikft.hu\/#website\"},\"datePublished\":\"2025-01-27T14:18:35+00:00\",\"dateModified\":\"2025-10-03T06:00:42+00:00\",\"breadcrumb\":{\"@id\":\"https:\/\/www.emikft.hu\/rolunk\/#breadcrumb\"},\"inLanguage\":\"en-US\",\"potentialAction\":[{\"@type\":\"ReadAction\",\"target\":[\"https:\/\/www.emikft.hu\/rolunk\/\"]}]},{\"@type\":\"BreadcrumbList\",\"@id\":\"https:\/\/www.emikft.hu\/rolunk\/#breadcrumb\",\"itemListElement\":[{\"@type\":\"ListItem\",\"position\":1,\"name\":\"Kezd\u0151lap\",\"item\":\"https:\/\/www.emikft.hu\/en\/\"},{\"@type\":\"ListItem\",\"position\":2,\"name\":\"About us\"}]},{\"@type\":\"WebSite\",\"@id\":\"https:\/\/www.emikft.hu\/#website\",\"url\":\"https:\/\/www.emikft.hu\/\",\"name\":\"EMI\",\"description\":\"electronics \u2013 mechanics \u2013 innovation\",\"publisher\":{\"@id\":\"https:\/\/www.emikft.hu\/#organization\"},\"alternateName\":\"Elektronikai Mechanikai Innov\u00e1ci\u00f3s Kft.\",\"potentialAction\":[{\"@type\":\"SearchAction\",\"target\":{\"@type\":\"EntryPoint\",\"urlTemplate\":\"https:\/\/www.emikft.hu\/?s={search_term_string}\"},\"query-input\":{\"@type\":\"PropertyValueSpecification\",\"valueRequired\":true,\"valueName\":\"search_term_string\"}}],\"inLanguage\":\"en-US\"},{\"@type\":\"Organization\",\"@id\":\"https:\/\/www.emikft.hu\/#organization\",\"name\":\"EMI\",\"alternateName\":\"PURIFICATION | HEAT PUMP RECOVERY | HUMIDITY CONTROL\",\"url\":\"https:\/\/www.emikft.hu\/\",\"logo\":{\"@type\":\"ImageObject\",\"inLanguage\":\"en-US\",\"@id\":\"https:\/\/www.emikft.hu\/#\/schema\/logo\/image\/\",\"url\":\"https:\/\/www.emikft.hu\/wp-content\/uploads\/2025\/02\/cropped-Emi_favicon_32x32px.png\",\"contentUrl\":\"https:\/\/www.emikft.hu\/wp-content\/uploads\/2025\/02\/cropped-Emi_favicon_32x32px.png\",\"width\":512,\"height\":512,\"caption\":\"EMI\"},\"image\":{\"@id\":\"https:\/\/www.emikft.hu\/#\/schema\/logo\/image\/\"}}]}<\/script>\n<!-- \/ Yoast SEO plugin. -->","yoast_head_json":{"title":"About us &#8211; EMI Kft.","robots":{"index":"noindex","follow":"follow","max-snippet":"max-snippet:-1","max-image-preview":"max-image-preview:large","max-video-preview":"max-video-preview:-1"},"og_locale":"en_US","og_type":"article","og_title":"About us &#8211; EMI Kft.","og_description":"[vc_row css=&#8221;.vc_custom_1486635938421{padding-top: 80px !important;padding-bottom: 80px !important;}&#8221;][vc_column width=&#8221;1\/2&#8243; el_class=&#8221;fp-about-desc&#8221; css=&#8221;.vc_custom_1479962247750{padding-left: 45px !important;}&#8221;][vc_column_text css=&#8221;.vc_custom_1757059712231{margin-bottom: 30px !important;}&#8221; el_class=&#8221;fp-main-text&#8221;] Smart solutions for cleaner air and profitable energy use [\/vc_column_text][vc_column_text css=&#8221;.vc_custom_1757059752581{margin-bottom: 20px !important;}&#8221;]All industrial air&hellip;","og_url":"https:\/\/www.emikft.hu\/rolunk\/","og_site_name":"EMI Kft.","article_modified_time":"2025-10-03T06:00:42+00:00","og_image":[{"width":1920,"height":810,"url":"https:\/\/www.emikft.hu\/wp-content\/uploads\/2025\/06\/04_slide.jpg","type":"image\/jpeg"}],"twitter_card":"summary_large_image","twitter_misc":{"Est. reading time":"3 minutes"},"schema":{"@context":"https:\/\/schema.org","@graph":[{"@type":"WebPage","@id":"https:\/\/www.emikft.hu\/rolunk\/","url":"https:\/\/www.emikft.hu\/rolunk\/","name":"About us &#8211; EMI Kft.","isPartOf":{"@id":"https:\/\/www.emikft.hu\/#website"},"datePublished":"2025-01-27T14:18:35+00:00","dateModified":"2025-10-03T06:00:42+00:00","breadcrumb":{"@id":"https:\/\/www.emikft.hu\/rolunk\/#breadcrumb"},"inLanguage":"en-US","potentialAction":[{"@type":"ReadAction","target":["https:\/\/www.emikft.hu\/rolunk\/"]}]},{"@type":"BreadcrumbList","@id":"https:\/\/www.emikft.hu\/rolunk\/#breadcrumb","itemListElement":[{"@type":"ListItem","position":1,"name":"Kezd\u0151lap","item":"https:\/\/www.emikft.hu\/en\/"},{"@type":"ListItem","position":2,"name":"About us"}]},{"@type":"WebSite","@id":"https:\/\/www.emikft.hu\/#website","url":"https:\/\/www.emikft.hu\/","name":"EMI","description":"electronics \u2013 mechanics \u2013 innovation","publisher":{"@id":"https:\/\/www.emikft.hu\/#organization"},"alternateName":"Elektronikai Mechanikai Innov\u00e1ci\u00f3s Kft.","potentialAction":[{"@type":"SearchAction","target":{"@type":"EntryPoint","urlTemplate":"https:\/\/www.emikft.hu\/?s={search_term_string}"},"query-input":{"@type":"PropertyValueSpecification","valueRequired":true,"valueName":"search_term_string"}}],"inLanguage":"en-US"},{"@type":"Organization","@id":"https:\/\/www.emikft.hu\/#organization","name":"EMI","alternateName":"PURIFICATION | HEAT PUMP RECOVERY | HUMIDITY CONTROL","url":"https:\/\/www.emikft.hu\/","logo":{"@type":"ImageObject","inLanguage":"en-US","@id":"https:\/\/www.emikft.hu\/#\/schema\/logo\/image\/","url":"https:\/\/www.emikft.hu\/wp-content\/uploads\/2025\/02\/cropped-Emi_favicon_32x32px.png","contentUrl":"https:\/\/www.emikft.hu\/wp-content\/uploads\/2025\/02\/cropped-Emi_favicon_32x32px.png","width":512,"height":512,"caption":"EMI"},"image":{"@id":"https:\/\/www.emikft.hu\/#\/schema\/logo\/image\/"}}]}},"_links":{"self":[{"href":"https:\/\/www.emikft.hu\/en\/wp-json\/wp\/v2\/pages\/3234","targetHints":{"allow":["GET"]}}],"collection":[{"href":"https:\/\/www.emikft.hu\/en\/wp-json\/wp\/v2\/pages"}],"about":[{"href":"https:\/\/www.emikft.hu\/en\/wp-json\/wp\/v2\/types\/page"}],"author":[{"embeddable":true,"href":"https:\/\/www.emikft.hu\/en\/wp-json\/wp\/v2\/users\/1"}],"replies":[{"embeddable":true,"href":"https:\/\/www.emikft.hu\/en\/wp-json\/wp\/v2\/comments?post=3234"}],"version-history":[{"count":11,"href":"https:\/\/www.emikft.hu\/en\/wp-json\/wp\/v2\/pages\/3234\/revisions"}],"predecessor-version":[{"id":3440,"href":"https:\/\/www.emikft.hu\/en\/wp-json\/wp\/v2\/pages\/3234\/revisions\/3440"}],"wp:attachment":[{"href":"https:\/\/www.emikft.hu\/en\/wp-json\/wp\/v2\/media?parent=3234"}],"curies":[{"name":"wp","href":"https:\/\/api.w.org\/{rel}","templated":true}]}}